{"id":1062,"date":"2023-03-21T18:07:31","date_gmt":"2023-03-21T17:07:31","guid":{"rendered":"http:\/\/astydeme.fr\/sitenew\/?page_id=1062"},"modified":"2026-01-16T12:37:50","modified_gmt":"2026-01-16T11:37:50","slug":"mentions-legales","status":"publish","type":"page","link":"https:\/\/astydeme.fr\/sitenew\/index.php\/mentions-legales\/","title":{"rendered":"Mentions l\u00e9gales"},"content":{"rendered":"\t\t<div data-elementor-type=\"wp-page\" data-elementor-id=\"1062\" class=\"elementor elementor-1062\">\n\t\t\t\t\t\t<section class=\"elementor-section elementor-top-section elementor-element elementor-element-62be831 elementor-section-boxed elementor-section-height-default elementor-section-height-default\" data-id=\"62be831\" data-element_type=\"section\" data-e-type=\"section\">\n\t\t\t\t\t\t<div class=\"elementor-container elementor-column-gap-default\">\n\t\t\t\t\t<div class=\"elementor-column elementor-col-100 elementor-top-column elementor-element elementor-element-140e30b\" data-id=\"140e30b\" data-element_type=\"column\" data-e-type=\"column\">\n\t\t\t<div class=\"elementor-widget-wrap elementor-element-populated\">\n\t\t\t\t\t\t<div class=\"elementor-element elementor-element-6db6beb elementor-widget elementor-widget-heading\" data-id=\"6db6beb\" data-element_type=\"widget\" data-e-type=\"widget\" data-widget_type=\"heading.default\">\n\t\t\t\t<div class=\"elementor-widget-container\">\n\t\t\t\t\t<h2 class=\"elementor-heading-title elementor-size-default\">Mentions l\u00e9gales<\/h2>\t\t\t\t<\/div>\n\t\t\t\t<\/div>\n\t\t\t\t\t<\/div>\n\t\t<\/div>\n\t\t\t\t\t<\/div>\n\t\t<\/section>\n\t\t\t\t<section class=\"elementor-section elementor-top-section elementor-element elementor-element-1d97b16 elementor-section-boxed elementor-section-height-default elementor-section-height-default\" data-id=\"1d97b16\" data-element_type=\"section\" data-e-type=\"section\">\n\t\t\t\t\t\t<div class=\"elementor-container elementor-column-gap-default\">\n\t\t\t\t\t<div class=\"elementor-column elementor-col-100 elementor-top-column elementor-element elementor-element-8b7f0ab\" data-id=\"8b7f0ab\" data-element_type=\"column\" data-e-type=\"column\">\n\t\t\t<div class=\"elementor-widget-wrap elementor-element-populated\">\n\t\t\t\t\t\t<div class=\"elementor-element elementor-element-d9243ca elementor-widget elementor-widget-text-editor\" data-id=\"d9243ca\" data-element_type=\"widget\" data-e-type=\"widget\" data-widget_type=\"text-editor.default\">\n\t\t\t\t<div class=\"elementor-widget-container\">\n\t\t\t\t\t\t\t\t\t<h3 style=\"font-style: normal; font-family: 'Helvetica Neue', Helvetica, Arial, sans-serif; font-weight: 500; line-height: 1.1; color: #333a40; margin-top: 20px; margin-bottom: 10px; font-size: 1.45em; caret-color: #333a40;\">Identification de la soci\u00e9t\u00e9<\/h3><p style=\"font-style: normal; margin-bottom: 10px; caret-color: #333a40; color: #333a40; font-family: 'Helvetica Neue', Helvetica, Arial, sans-serif; font-size: 18px;\">D\u00e9nomination sociale :<strong>\u00a0Astydeme\u00a0<\/strong><br \/>Forme juridique : Soci\u00e9t\u00e9 par Actions Simplifi\u00e9e (SAS)<br \/>Bureaux : 17, rue de l&rsquo;Ise &#8211; 35230 Saint-Erblon &#8211; France<br \/>Num\u00e9ro d&rsquo;identification : 805 300 134 R.C.S. RENNES<br \/>N\u00b0 TVA IC : FR81 805300134<br \/>Directeur de la publication : Didier Lemoine<\/p><h3 style=\"font-style: normal; font-family: 'Helvetica Neue', Helvetica, Arial, sans-serif; font-weight: 500; line-height: 1.1; color: #333a40; margin-top: 20px; margin-bottom: 10px; font-size: 1.45em; caret-color: #333a40;\">Propri\u00e9t\u00e9 de Astydeme<\/h3><p style=\"font-style: normal; margin-bottom: 10px; caret-color: #333a40; color: #333a40; font-family: 'Helvetica Neue', Helvetica, Arial, sans-serif; font-size: 18px;\">Le logo de la soci\u00e9t\u00e9\u00a0<b>Astydeme<\/b>, le logo de la marque <strong>QUONSELEDISE,<\/strong><br \/>le nom de la soci\u00e9t\u00e9\u00a0<strong>Astydeme<\/strong>, le nom de la marque <strong>QUONSELEDISE<\/strong><br \/>sont des marques d\u00e9pos\u00e9es et appartiennent \u00e0 la soci\u00e9t\u00e9\u00a0<strong>Astydeme<\/strong>.<\/p><p style=\"font-style: normal; margin-bottom: 10px; caret-color: #333a40; color: #333a40; font-family: 'Helvetica Neue', Helvetica, Arial, sans-serif; font-size: 18px;\">Tout usage de l&rsquo;une de ces marques, dans quelque contexte que ce soit, de mani\u00e8re compl\u00e8te ou partielle, sans accord pr\u00e9alable d&rsquo;un responsable de la soci\u00e9t\u00e9\u00a0<strong>Astydeme<\/strong>, est interdit.<br \/>Tout contrevenant engagerait sa responsabilit\u00e9 selon les articles L 713-1 \u00e0 L 713-4 du Code de la Propri\u00e9t\u00e9 Intellectuelle et s&rsquo;exposerait \u00e0 des poursuites.<\/p><p style=\"font-style: normal; margin-bottom: 10px; caret-color: #333a40; color: #333a40; font-family: 'Helvetica Neue', Helvetica, Arial, sans-serif; font-size: 18px;\">Si vous souhaitez utiliser l&rsquo;une de ces marques, merci de nous en\u00a0<a style=\"color: #337ab7;\" title=\"\" href=\"http:\/\/www.astydeme.fr\/site\/index.php\/support\/contactez-nous\" target=\"\">faire la demande<\/a>. Nous nous efforcerons de r\u00e9pondre \u00e0 votre demande dans les plus brefs d\u00e9lais.<\/p><h3 style=\"font-style: normal; font-family: 'Helvetica Neue', Helvetica, Arial, sans-serif; font-weight: 500; line-height: 1.1; color: #333a40; margin-top: 20px; margin-bottom: 10px; font-size: 1.45em; caret-color: #333a40;\">Propri\u00e9t\u00e9s tierces<\/h3><p style=\"font-style: normal; margin-bottom: 10px; caret-color: #333a40; color: #333a40; font-family: 'Helvetica Neue', Helvetica, Arial, sans-serif; font-size: 18px;\">Toutes les marques pouvant \u00eatre cit\u00e9es dans les pages de ce site appartiennent \u00e0 leurs propri\u00e9taires respectifs et sont prot\u00e9g\u00e9s par le droit des marques.<\/p><h3 style=\"font-style: normal; font-family: 'Helvetica Neue', Helvetica, Arial, sans-serif; font-weight: 500; line-height: 1.1; color: #333a40; margin-top: 20px; margin-bottom: 10px; font-size: 1.45em; caret-color: #333a40;\">H\u00e9bergement du site<\/h3><p style=\"font-style: normal; margin-bottom: 10px; caret-color: #333a40; color: #333a40; font-family: 'Helvetica Neue', Helvetica, Arial, sans-serif; font-size: 18px;\">Nom de l&rsquo;h\u00e9bergeur :\u00a0<strong>OVH<br \/><\/strong>Forme juridique : Soci\u00e9t\u00e9 par Actions Simplifi\u00e9e<br \/>Si\u00e8ge social : 2 rue Kellermann &#8211; 59100 Roubaix &#8211; France<\/p>\t\t\t\t\t\t\t\t<\/div>\n\t\t\t\t<\/div>\n\t\t\t\t\t<\/div>\n\t\t<\/div>\n\t\t\t\t\t<\/div>\n\t\t<\/section>\n\t\t\t\t<\/div>\n\t\t","protected":false},"excerpt":{"rendered":"<p>Mentions l\u00e9gales Identification de la soci\u00e9t\u00e9 D\u00e9nomination sociale :\u00a0Astydeme\u00a0Forme juridique : Soci\u00e9t\u00e9 par Actions Simplifi\u00e9e (SAS)Bureaux : 17, rue de l&rsquo;Ise &#8211; 35230 Saint-Erblon &#8211; FranceNum\u00e9ro d&rsquo;identification : 805 300 134 R.C.S. RENNESN\u00b0 TVA IC : FR81 805300134Directeur de la publication : Didier Lemoine Propri\u00e9t\u00e9 de Astydeme Le logo de la soci\u00e9t\u00e9\u00a0Astydeme, le logo de &hellip;<\/p>\n<p class=\"read-more\"> <a class=\"\" href=\"https:\/\/astydeme.fr\/sitenew\/index.php\/mentions-legales\/\"> <span class=\"screen-reader-text\">Mentions l\u00e9gales<\/span> Lire la suite\u00a0\u00bb<\/a><\/p>\n","protected":false},"author":2,"featured_media":0,"parent":0,"menu_order":0,"comment_status":"closed","ping_status":"closed","template":"","meta":{"_uag_custom_page_level_css":"","site-sidebar-layout":"no-sidebar","site-content-layout":"page-builder","ast-global-header-display":"","ast-main-header-display":"","ast-hfb-above-header-display":"","ast-hfb-below-header-display":"","ast-hfb-mobile-header-display":"","site-post-title":"disabled","ast-breadcrumbs-content":"","ast-featured-img":"disabled","footer-sml-layout":"","theme-transparent-header-meta":"","adv-header-id-meta":"","stick-header-meta":"","header-above-stick-meta":"","header-main-stick-meta":"","header-below-stick-meta":"","footnotes":""},"class_list":["post-1062","page","type-page","status-publish","hentry"],"uagb_featured_image_src":{"full":false,"thumbnail":false,"medium":false,"medium_large":false,"large":false,"1536x1536":false,"2048x2048":false},"uagb_author_info":{"display_name":"Junette","author_link":"https:\/\/astydeme.fr\/sitenew\/author\/junette\/"},"uagb_comment_info":0,"uagb_excerpt":"Mentions l\u00e9gales Identification de la soci\u00e9t\u00e9 D\u00e9nomination sociale :\u00a0Astydeme\u00a0Forme juridique : Soci\u00e9t\u00e9 par Actions Simplifi\u00e9e (SAS)Bureaux : 17, rue de l&rsquo;Ise &#8211; 35230 Saint-Erblon &#8211; FranceNum\u00e9ro d&rsquo;identification : 805 300 134 R.C.S. RENNESN\u00b0 TVA IC : FR81 805300134Directeur de la publication : Didier Lemoine Propri\u00e9t\u00e9 de Astydeme Le logo de la soci\u00e9t\u00e9\u00a0Astydeme, le logo de\u2026","_links":{"self":[{"href":"https:\/\/astydeme.fr\/sitenew\/index.php\/wp-json\/wp\/v2\/pages\/1062","targetHints":{"allow":["GET"]}}],"collection":[{"href":"https:\/\/astydeme.fr\/sitenew\/index.php\/wp-json\/wp\/v2\/pages"}],"about":[{"href":"https:\/\/astydeme.fr\/sitenew\/index.php\/wp-json\/wp\/v2\/types\/page"}],"author":[{"embeddable":true,"href":"https:\/\/astydeme.fr\/sitenew\/index.php\/wp-json\/wp\/v2\/users\/2"}],"replies":[{"embeddable":true,"href":"https:\/\/astydeme.fr\/sitenew\/index.php\/wp-json\/wp\/v2\/comments?post=1062"}],"version-history":[{"count":13,"href":"https:\/\/astydeme.fr\/sitenew\/index.php\/wp-json\/wp\/v2\/pages\/1062\/revisions"}],"predecessor-version":[{"id":2036,"href":"https:\/\/astydeme.fr\/sitenew\/index.php\/wp-json\/wp\/v2\/pages\/1062\/revisions\/2036"}],"wp:attachment":[{"href":"https:\/\/astydeme.fr\/sitenew\/index.php\/wp-json\/wp\/v2\/media?parent=1062"}],"curies":[{"name":"wp","href":"https:\/\/api.w.org\/{rel}","templated":true}]}}