{"id":1176,"date":"2023-03-28T11:17:17","date_gmt":"2023-03-28T09:17:17","guid":{"rendered":"https:\/\/astydeme.fr\/sitenew\/?page_id=1176"},"modified":"2026-02-22T17:19:30","modified_gmt":"2026-02-22T16:19:30","slug":"contact","status":"publish","type":"page","link":"https:\/\/astydeme.fr\/sitenew\/index.php\/contact\/","title":{"rendered":"Contact"},"content":{"rendered":"\t\t<div data-elementor-type=\"wp-page\" data-elementor-id=\"1176\" class=\"elementor elementor-1176\">\n\t\t\t\t\t\t<section class=\"elementor-section elementor-top-section elementor-element elementor-element-3627bb9 elementor-section-boxed elementor-section-height-default elementor-section-height-default\" data-id=\"3627bb9\" data-element_type=\"section\" data-e-type=\"section\">\n\t\t\t\t\t\t<div class=\"elementor-container elementor-column-gap-default\">\n\t\t\t\t\t<div class=\"elementor-column elementor-col-100 elementor-top-column elementor-element elementor-element-259fb28\" data-id=\"259fb28\" data-element_type=\"column\" data-e-type=\"column\">\n\t\t\t<div class=\"elementor-widget-wrap elementor-element-populated\">\n\t\t\t\t\t\t<div class=\"elementor-element elementor-element-81d2fdd elementor-widget elementor-widget-heading\" data-id=\"81d2fdd\" data-element_type=\"widget\" data-e-type=\"widget\" data-widget_type=\"heading.default\">\n\t\t\t\t<div class=\"elementor-widget-container\">\n\t\t\t\t\t<h2 class=\"elementor-heading-title elementor-size-default\">Contact<\/h2>\t\t\t\t<\/div>\n\t\t\t\t<\/div>\n\t\t\t\t\t<\/div>\n\t\t<\/div>\n\t\t\t\t\t<\/div>\n\t\t<\/section>\n\t\t\t\t<section class=\"elementor-section elementor-top-section elementor-element elementor-element-4736b1c elementor-section-boxed elementor-section-height-default elementor-section-height-default\" data-id=\"4736b1c\" data-element_type=\"section\" data-e-type=\"section\">\n\t\t\t\t\t\t<div class=\"elementor-container elementor-column-gap-default\">\n\t\t\t\t\t<div class=\"elementor-column elementor-col-100 elementor-top-column elementor-element elementor-element-d6d7199\" data-id=\"d6d7199\" data-element_type=\"column\" data-e-type=\"column\">\n\t\t\t<div class=\"elementor-widget-wrap elementor-element-populated\">\n\t\t\t\t\t\t<div class=\"elementor-element elementor-element-7e5df72 elementor-widget elementor-widget-text-editor\" data-id=\"7e5df72\" data-element_type=\"widget\" data-e-type=\"widget\" data-widget_type=\"text-editor.default\">\n\t\t\t\t<div class=\"elementor-widget-container\">\n\t\t\t\t\t\t\t\t\t<p>Astydeme est \u00e0 votre disposition pour r\u00e9pondre \u00e0 vos attentes et \u00e0 vos diverses questions.\u00a0<\/p><p>N&rsquo;h\u00e9sitez pas \u00e0 nous contacter, nous vous r\u00e9pondrons dans les meilleurs d\u00e9lais.<\/p><p>Vous pouvez nous contacter par mail, par t\u00e9l\u00e9phone, sur nos r\u00e9seaux sociaux ou via le formulaire de contact.\u00a0<\/p>\t\t\t\t\t\t\t\t<\/div>\n\t\t\t\t<\/div>\n\t\t\t\t\t<\/div>\n\t\t<\/div>\n\t\t\t\t\t<\/div>\n\t\t<\/section>\n\t\t\t\t<section class=\"elementor-section elementor-top-section elementor-element elementor-element-9c8b370 elementor-section-boxed elementor-section-height-default elementor-section-height-default\" data-id=\"9c8b370\" data-element_type=\"section\" data-e-type=\"section\">\n\t\t\t\t\t\t<div class=\"elementor-container elementor-column-gap-default\">\n\t\t\t\t\t<div class=\"elementor-column elementor-col-100 elementor-top-column elementor-element elementor-element-e676571\" data-id=\"e676571\" data-element_type=\"column\" data-e-type=\"column\">\n\t\t\t<div class=\"elementor-widget-wrap elementor-element-populated\">\n\t\t\t\t\t\t<div class=\"elementor-element elementor-element-3004187 elementor-widget elementor-widget-wpforms\" data-id=\"3004187\" data-element_type=\"widget\" data-e-type=\"widget\" data-widget_type=\"wpforms.default\">\n\t\t\t\t<div class=\"elementor-widget-container\">\n\t\t\t\t\t<div class=\"wpforms-container \" id=\"wpforms-1179\"><form id=\"wpforms-form-1179\" class=\"wpforms-validate wpforms-form wpforms-ajax-form\" data-formid=\"1179\" method=\"post\" enctype=\"multipart\/form-data\" action=\"\/sitenew\/index.php\/wp-json\/wp\/v2\/pages\/1176\" data-token=\"068945c2224f56e62cd2ba1148961fb3\"><noscript class=\"wpforms-error-noscript\">Veuillez activer JavaScript dans votre navigateur pour remplir ce formulaire.<\/noscript><div class=\"wpforms-field-container\"><div id=\"wpforms-1179-field_0-container\" class=\"wpforms-field wpforms-field-name\" data-field-id=\"0\"><label class=\"wpforms-field-label\" for=\"wpforms-1179-field_0\">Identit\u00e9 <span class=\"wpforms-required-label\">*<\/span><\/label><div class=\"wpforms-field-row wpforms-field-medium\"><div class=\"wpforms-field-row-block wpforms-first wpforms-one-half\"><input type=\"text\" id=\"wpforms-1179-field_0\" class=\"wpforms-field-name-first wpforms-field-required\" name=\"wpforms[fields][0][first]\" required><label for=\"wpforms-1179-field_0\" class=\"wpforms-field-sublabel after \">Pr\u00e9nom<\/label><\/div><div class=\"wpforms-field-row-block wpforms-one-half\"><input type=\"text\" id=\"wpforms-1179-field_0-last\" class=\"wpforms-field-name-last wpforms-field-required\" name=\"wpforms[fields][0][last]\" required><label for=\"wpforms-1179-field_0-last\" class=\"wpforms-field-sublabel after \">Nom<\/label><\/div><\/div><\/div><div id=\"wpforms-1179-field_3-container\" class=\"wpforms-field wpforms-field-text\" data-field-id=\"3\"><label class=\"wpforms-field-label\" for=\"wpforms-1179-field_3\">Collectivit\u00e9 locale<\/label><input type=\"text\" id=\"wpforms-1179-field_3\" class=\"wpforms-field-medium\" name=\"wpforms[fields][3]\" ><\/div><div id=\"wpforms-1179-field_4-container\" class=\"wpforms-field wpforms-field-text\" data-field-id=\"4\"><label class=\"wpforms-field-label\" for=\"wpforms-1179-field_4\">R\u00f4le<\/label><input type=\"text\" id=\"wpforms-1179-field_4\" class=\"wpforms-field-medium\" name=\"wpforms[fields][4]\" ><\/div><div id=\"wpforms-1179-field_1-container\" class=\"wpforms-field wpforms-field-email\" data-field-id=\"1\"><label class=\"wpforms-field-label\" for=\"wpforms-1179-field_1\">E-mail <span class=\"wpforms-required-label\">*<\/span><\/label><input type=\"email\" id=\"wpforms-1179-field_1\" class=\"wpforms-field-medium wpforms-field-required\" name=\"wpforms[fields][1]\" required><\/div><div id=\"wpforms-1179-field_2-container\" class=\"wpforms-field wpforms-field-textarea\" data-field-id=\"2\"><label class=\"wpforms-field-label\" for=\"wpforms-1179-field_2\">Commentaire ou message<\/label><textarea id=\"wpforms-1179-field_2\" class=\"wpforms-field-medium\" name=\"wpforms[fields][2]\" ><\/textarea><\/div><\/div><div class=\"wpforms-submit-container\"><input type=\"hidden\" name=\"wpforms[id]\" value=\"1179\"><input type=\"hidden\" name=\"wpforms[author]\" value=\"2\"><button type=\"submit\" name=\"wpforms[submit]\" id=\"wpforms-submit-1179\" class=\"wpforms-submit\" data-alt-text=\"Envoi...\" data-submit-text=\"Envoyer\" aria-live=\"assertive\" value=\"wpforms-submit\">Envoyer<\/button><img decoding=\"async\" src=\"https:\/\/astydeme.fr\/sitenew\/wp-content\/plugins\/wpforms-lite\/assets\/images\/submit-spin.svg\" class=\"wpforms-submit-spinner\" style=\"display: none;\" width=\"26\" height=\"26\" alt=\"Chargement en cours\"><\/div><\/form><\/div>  <!-- .wpforms-container -->\t\t\t\t<\/div>\n\t\t\t\t<\/div>\n\t\t\t\t<div class=\"elementor-element elementor-element-b9ebf9b elementor-widget elementor-widget-image\" data-id=\"b9ebf9b\" data-element_type=\"widget\" data-e-type=\"widget\" data-widget_type=\"image.default\">\n\t\t\t\t<div class=\"elementor-widget-container\">\n\t\t\t\t\t\t\t\t\t\t\t\t\t\t\t<img decoding=\"async\" width=\"300\" height=\"150\" src=\"https:\/\/astydeme.fr\/sitenew\/wp-content\/uploads\/2023\/02\/LOGO-ASTYDEME-RVB-145x73.jpg\" class=\"attachment-medium size-medium wp-image-5\" alt=\"Logo de la soci\u00e9t\u00e9 Astydeme - Bleu et gris\" srcset=\"https:\/\/astydeme.fr\/sitenew\/wp-content\/uploads\/2023\/02\/LOGO-ASTYDEME-RVB-300x150.jpg 300w, https:\/\/astydeme.fr\/sitenew\/wp-content\/uploads\/2023\/02\/LOGO-ASTYDEME-RVB-1024x512.jpg 1024w, https:\/\/astydeme.fr\/sitenew\/wp-content\/uploads\/2023\/02\/LOGO-ASTYDEME-RVB-768x384.jpg 768w, https:\/\/astydeme.fr\/sitenew\/wp-content\/uploads\/2023\/02\/LOGO-ASTYDEME-RVB-145x73.jpg 145w, https:\/\/astydeme.fr\/sitenew\/wp-content\/uploads\/2023\/02\/LOGO-ASTYDEME-RVB.jpg 1299w\" sizes=\"(max-width: 300px) 100vw, 300px\" \/>\t\t\t\t\t\t\t\t\t\t\t\t\t\t\t<\/div>\n\t\t\t\t<\/div>\n\t\t\t\t\t<\/div>\n\t\t<\/div>\n\t\t\t\t\t<\/div>\n\t\t<\/section>\n\t\t\t\t<\/div>\n\t\t","protected":false},"excerpt":{"rendered":"<p>Contact Astydeme est \u00e0 votre disposition pour r\u00e9pondre \u00e0 vos attentes et \u00e0 vos diverses questions.\u00a0 N&rsquo;h\u00e9sitez pas \u00e0 nous contacter, nous vous r\u00e9pondrons dans les meilleurs d\u00e9lais. Vous pouvez nous contacter par mail, par t\u00e9l\u00e9phone, sur nos r\u00e9seaux sociaux ou via le formulaire de contact.\u00a0<\/p>\n","protected":false},"author":2,"featured_media":0,"parent":0,"menu_order":0,"comment_status":"closed","ping_status":"closed","template":"","meta":{"_uag_custom_page_level_css":"","site-sidebar-layout":"no-sidebar","site-content-layout":"page-builder","ast-global-header-display":"","ast-main-header-display":"","ast-hfb-above-header-display":"","ast-hfb-below-header-display":"","ast-hfb-mobile-header-display":"","site-post-title":"disabled","ast-breadcrumbs-content":"","ast-featured-img":"disabled","footer-sml-layout":"","theme-transparent-header-meta":"","adv-header-id-meta":"","stick-header-meta":"","header-above-stick-meta":"","header-main-stick-meta":"","header-below-stick-meta":"","footnotes":""},"class_list":["post-1176","page","type-page","status-publish","hentry"],"uagb_featured_image_src":{"full":false,"thumbnail":false,"medium":false,"medium_large":false,"large":false,"1536x1536":false,"2048x2048":false},"uagb_author_info":{"display_name":"Junette","author_link":"https:\/\/astydeme.fr\/sitenew\/author\/junette\/"},"uagb_comment_info":0,"uagb_excerpt":"Contact Astydeme est \u00e0 votre disposition pour r\u00e9pondre \u00e0 vos attentes et \u00e0 vos diverses questions.\u00a0 N&rsquo;h\u00e9sitez pas \u00e0 nous contacter, nous vous r\u00e9pondrons dans les meilleurs d\u00e9lais. Vous pouvez nous contacter par mail, par t\u00e9l\u00e9phone, sur nos r\u00e9seaux sociaux ou via le formulaire de contact.\u00a0","_links":{"self":[{"href":"https:\/\/astydeme.fr\/sitenew\/index.php\/wp-json\/wp\/v2\/pages\/1176","targetHints":{"allow":["GET"]}}],"collection":[{"href":"https:\/\/astydeme.fr\/sitenew\/index.php\/wp-json\/wp\/v2\/pages"}],"about":[{"href":"https:\/\/astydeme.fr\/sitenew\/index.php\/wp-json\/wp\/v2\/types\/page"}],"author":[{"embeddable":true,"href":"https:\/\/astydeme.fr\/sitenew\/index.php\/wp-json\/wp\/v2\/users\/2"}],"replies":[{"embeddable":true,"href":"https:\/\/astydeme.fr\/sitenew\/index.php\/wp-json\/wp\/v2\/comments?post=1176"}],"version-history":[{"count":27,"href":"https:\/\/astydeme.fr\/sitenew\/index.php\/wp-json\/wp\/v2\/pages\/1176\/revisions"}],"predecessor-version":[{"id":2130,"href":"https:\/\/astydeme.fr\/sitenew\/index.php\/wp-json\/wp\/v2\/pages\/1176\/revisions\/2130"}],"wp:attachment":[{"href":"https:\/\/astydeme.fr\/sitenew\/index.php\/wp-json\/wp\/v2\/media?parent=1176"}],"curies":[{"name":"wp","href":"https:\/\/api.w.org\/{rel}","templated":true}]}}