{"id":1851,"date":"2025-12-18T14:31:58","date_gmt":"2025-12-18T13:31:58","guid":{"rendered":"https:\/\/astydeme.fr\/sitenew\/?page_id=1851"},"modified":"2026-02-22T17:23:56","modified_gmt":"2026-02-22T16:23:56","slug":"exemple-de-mise-en-oeuvre","status":"publish","type":"page","link":"https:\/\/astydeme.fr\/sitenew\/index.php\/exemple-de-mise-en-oeuvre\/","title":{"rendered":"Exemples de mise en oeuvre"},"content":{"rendered":"\t\t<div data-elementor-type=\"wp-page\" data-elementor-id=\"1851\" class=\"elementor elementor-1851\">\n\t\t\t\t\t\t<section class=\"elementor-section elementor-top-section elementor-element elementor-element-cafe816 elementor-section-boxed elementor-section-height-default elementor-section-height-default\" data-id=\"cafe816\" data-element_type=\"section\" data-e-type=\"section\">\n\t\t\t\t\t\t<div class=\"elementor-container elementor-column-gap-default\">\n\t\t\t\t\t<div class=\"elementor-column elementor-col-100 elementor-top-column elementor-element elementor-element-7bb919d\" data-id=\"7bb919d\" data-element_type=\"column\" data-e-type=\"column\">\n\t\t\t<div class=\"elementor-widget-wrap elementor-element-populated\">\n\t\t\t\t\t\t<div class=\"elementor-element elementor-element-c6756b6 elementor-widget elementor-widget-heading\" data-id=\"c6756b6\" data-element_type=\"widget\" data-e-type=\"widget\" data-widget_type=\"heading.default\">\n\t\t\t\t<div class=\"elementor-widget-container\">\n\t\t\t\t\t<h2 class=\"elementor-heading-title elementor-size-default\">Exemple de mise en oeuvre<\/h2>\t\t\t\t<\/div>\n\t\t\t\t<\/div>\n\t\t\t\t\t<\/div>\n\t\t<\/div>\n\t\t\t\t\t<\/div>\n\t\t<\/section>\n\t\t\t\t<section class=\"elementor-section elementor-top-section elementor-element elementor-element-150f00f elementor-section-boxed elementor-section-height-default elementor-section-height-default\" data-id=\"150f00f\" data-element_type=\"section\" data-e-type=\"section\">\n\t\t\t\t\t\t<div class=\"elementor-container elementor-column-gap-default\">\n\t\t\t\t\t<div class=\"elementor-column elementor-col-100 elementor-top-column elementor-element elementor-element-15f0fba\" data-id=\"15f0fba\" data-element_type=\"column\" data-e-type=\"column\">\n\t\t\t<div class=\"elementor-widget-wrap elementor-element-populated\">\n\t\t\t\t\t\t<div class=\"elementor-element elementor-element-62b3c33 elementor-widget elementor-widget-text-editor\" data-id=\"62b3c33\" data-element_type=\"widget\" data-e-type=\"widget\" data-widget_type=\"text-editor.default\">\n\t\t\t\t<div class=\"elementor-widget-container\">\n\t\t\t\t\t\t\t\t\t<p data-start=\"547\" data-end=\"799\">ASTYDEME propose des <strong data-start=\"568\" data-end=\"641\">solutions de captation vid\u00e9o assist\u00e9e adaptables \u00e0 tout type de salle<\/strong>, destin\u00e9es aux collectivit\u00e9s locales.<br data-start=\"679\" data-end=\"682\" \/>Les dispositifs mis en place s\u2019adaptent aux contraintes architecturales, techniques et d\u2019usage propres \u00e0 chaque lieu.<\/p><p data-start=\"801\" data-end=\"927\">Les exemples ci-dessous illustrent diff\u00e9rentes configurations de salles de conseil et les solutions techniques mises en \u0153uvre.<\/p>\t\t\t\t\t\t\t\t<\/div>\n\t\t\t\t<\/div>\n\t\t\t\t\t<\/div>\n\t\t<\/div>\n\t\t\t\t\t<\/div>\n\t\t<\/section>\n\t\t\t\t<section class=\"elementor-section elementor-top-section elementor-element elementor-element-36716dc elementor-section-boxed elementor-section-height-default elementor-section-height-default\" data-id=\"36716dc\" data-element_type=\"section\" data-e-type=\"section\">\n\t\t\t\t\t\t<div class=\"elementor-container elementor-column-gap-default\">\n\t\t\t\t\t<div class=\"elementor-column elementor-col-100 elementor-top-column elementor-element elementor-element-75fab68\" data-id=\"75fab68\" data-element_type=\"column\" data-e-type=\"column\">\n\t\t\t<div class=\"elementor-widget-wrap elementor-element-populated\">\n\t\t\t\t\t\t<div class=\"elementor-element elementor-element-576d996 elementor-widget elementor-widget-toggle\" data-id=\"576d996\" data-element_type=\"widget\" data-e-type=\"widget\" data-widget_type=\"toggle.default\">\n\t\t\t\t<div class=\"elementor-widget-container\">\n\t\t\t\t\t\t\t<div class=\"elementor-toggle\">\n\t\t\t\t\t\t\t<div class=\"elementor-toggle-item\">\n\t\t\t\t\t<div id=\"elementor-tab-title-9161\" class=\"elementor-tab-title\" data-tab=\"1\" role=\"button\" aria-controls=\"elementor-tab-content-9161\" aria-expanded=\"false\">\n\t\t\t\t\t\t\t\t\t\t\t\t<span class=\"elementor-toggle-icon elementor-toggle-icon-left\" aria-hidden=\"true\">\n\t\t\t\t\t\t\t\t\t\t\t\t\t\t\t<span class=\"elementor-toggle-icon-closed\"><i class=\"fas fa-caret-right\"><\/i><\/span>\n\t\t\t\t\t\t\t\t<span class=\"elementor-toggle-icon-opened\"><i class=\"elementor-toggle-icon-opened fas fa-caret-up\"><\/i><\/span>\n\t\t\t\t\t\t\t\t\t\t\t\t\t<\/span>\n\t\t\t\t\t\t\t\t\t\t\t\t<a class=\"elementor-toggle-title\" tabindex=\"0\">1 cam\u00e9ra pilotable & 1 cam\u00e9ra panoramique (configuration de Tr\u00e9gastel)<\/a>\n\t\t\t\t\t<\/div>\n\n\t\t\t\t\t<div id=\"elementor-tab-content-9161\" class=\"elementor-tab-content elementor-clearfix\" data-tab=\"1\" role=\"region\" aria-labelledby=\"elementor-tab-title-9161\"><p data-start=\"1419\" data-end=\"1450\"><strong data-start=\"1419\" data-end=\"1448\"><img fetchpriority=\"high\" decoding=\"async\" class=\"size-medium wp-image-1908 alignright\" src=\"http:\/\/astydeme.fr\/sitenew\/wp-content\/uploads\/2026\/01\/type_Tregastel-300x283.jpg\" alt=\"\" width=\"300\" height=\"283\" srcset=\"https:\/\/astydeme.fr\/sitenew\/wp-content\/uploads\/2026\/01\/type_Tregastel-300x283.jpg 300w, https:\/\/astydeme.fr\/sitenew\/wp-content\/uploads\/2026\/01\/type_Tregastel.jpg 627w\" sizes=\"(max-width: 300px) 100vw, 300px\" \/>Configuration de la salle<\/strong><\/p><ul data-start=\"1451\" data-end=\"1534\"><li data-start=\"1451\" data-end=\"1500\"><p data-start=\"1453\" data-end=\"1500\">Salle de conseil sans contrainte particuli\u00e8re<\/p><\/li><li data-start=\"1501\" data-end=\"1534\"><p data-start=\"1503\" data-end=\"1534\">Disposition circulaire des \u00e9lus<\/p><\/li><\/ul><p data-start=\"1614\" data-end=\"1642\"><strong data-start=\"1614\" data-end=\"1640\">Contraintes techniques<\/strong><\/p><ul data-start=\"1643\" data-end=\"1735\"><li data-start=\"1643\" data-end=\"1707\"><p data-start=\"1645\" data-end=\"1707\">N\u00e9cessit\u00e9 de disposer sans contrainte de la salle de conseil<\/p><\/li><li data-start=\"1708\" data-end=\"1735\"><p data-start=\"1710\" data-end=\"1735\">Captation audio \u00e0 fournir<\/p><\/li><\/ul><\/div>\n\t\t\t\t<\/div>\n\t\t\t\t\t\t\t<div class=\"elementor-toggle-item\">\n\t\t\t\t\t<div id=\"elementor-tab-title-9162\" class=\"elementor-tab-title\" data-tab=\"2\" role=\"button\" aria-controls=\"elementor-tab-content-9162\" aria-expanded=\"false\">\n\t\t\t\t\t\t\t\t\t\t\t\t<span class=\"elementor-toggle-icon elementor-toggle-icon-left\" aria-hidden=\"true\">\n\t\t\t\t\t\t\t\t\t\t\t\t\t\t\t<span class=\"elementor-toggle-icon-closed\"><i class=\"fas fa-caret-right\"><\/i><\/span>\n\t\t\t\t\t\t\t\t<span class=\"elementor-toggle-icon-opened\"><i class=\"elementor-toggle-icon-opened fas fa-caret-up\"><\/i><\/span>\n\t\t\t\t\t\t\t\t\t\t\t\t\t<\/span>\n\t\t\t\t\t\t\t\t\t\t\t\t<a class=\"elementor-toggle-title\" tabindex=\"0\">3 cam\u00e9ras pilotables & 1 cam\u00e9ra panoramique (configuration de Saint-Brieuc)<\/a>\n\t\t\t\t\t<\/div>\n\n\t\t\t\t\t<div id=\"elementor-tab-content-9162\" class=\"elementor-tab-content elementor-clearfix\" data-tab=\"2\" role=\"region\" aria-labelledby=\"elementor-tab-title-9162\"><p data-start=\"1811\" data-end=\"1842\"><strong data-start=\"1811\" data-end=\"1840\"><img decoding=\"async\" class=\"size-medium wp-image-1909 alignright\" src=\"http:\/\/astydeme.fr\/sitenew\/wp-content\/uploads\/2026\/01\/type_Saint-Brieuc-300x276.jpg\" alt=\"\" width=\"300\" height=\"276\" srcset=\"https:\/\/astydeme.fr\/sitenew\/wp-content\/uploads\/2026\/01\/type_Saint-Brieuc-300x276.jpg 300w, https:\/\/astydeme.fr\/sitenew\/wp-content\/uploads\/2026\/01\/type_Saint-Brieuc.jpg 656w\" sizes=\"(max-width: 300px) 100vw, 300px\" \/>Configuration de la salle<\/strong><\/p><ul data-start=\"1843\" data-end=\"1943\"><li data-start=\"1843\" data-end=\"1894\"><p data-start=\"1845\" data-end=\"1894\">Salle de conseil utilis\u00e9e de mani\u00e8re permanente<\/p><\/li><li data-start=\"1895\" data-end=\"1943\"><p data-start=\"1897\" data-end=\"1943\">Dispositif n\u00e9cessitant une installation stable<\/p><\/li><\/ul><p data-start=\"2025\" data-end=\"2043\"><strong data-start=\"2025\" data-end=\"2041\">Sp\u00e9cificit\u00e9s<\/strong><\/p><ul data-start=\"1843\" data-end=\"1943\"><li data-start=\"1843\" data-end=\"1894\"><p data-start=\"1845\" data-end=\"1894\">Cam\u00e9ras devant rester en permanence dans la salle de conseil<\/p><\/li><li data-start=\"1895\" data-end=\"1943\"><p data-start=\"1897\" data-end=\"1943\">Cam\u00e9ras facilement utilisables dans d\u2019autres lieux si n\u00e9cessaire<\/p><\/li><li data-start=\"1895\" data-end=\"1943\"><p data-start=\"1897\" data-end=\"1943\">La cam\u00e9ra panoramique est \u00e9galement utilis\u00e9e pour bien revoir les votes<\/p><\/li><\/ul><\/div>\n\t\t\t\t<\/div>\n\t\t\t\t\t\t\t<div class=\"elementor-toggle-item\">\n\t\t\t\t\t<div id=\"elementor-tab-title-9163\" class=\"elementor-tab-title\" data-tab=\"3\" role=\"button\" aria-controls=\"elementor-tab-content-9163\" aria-expanded=\"false\">\n\t\t\t\t\t\t\t\t\t\t\t\t<span class=\"elementor-toggle-icon elementor-toggle-icon-left\" aria-hidden=\"true\">\n\t\t\t\t\t\t\t\t\t\t\t\t\t\t\t<span class=\"elementor-toggle-icon-closed\"><i class=\"fas fa-caret-right\"><\/i><\/span>\n\t\t\t\t\t\t\t\t<span class=\"elementor-toggle-icon-opened\"><i class=\"elementor-toggle-icon-opened fas fa-caret-up\"><\/i><\/span>\n\t\t\t\t\t\t\t\t\t\t\t\t\t<\/span>\n\t\t\t\t\t\t\t\t\t\t\t\t<a class=\"elementor-toggle-title\" tabindex=\"0\">3 cam\u00e9ras pilotables & 1 cam\u00e9ra panoramique (configuration de Mordelles)<\/a>\n\t\t\t\t\t<\/div>\n\n\t\t\t\t\t<div id=\"elementor-tab-content-9163\" class=\"elementor-tab-content elementor-clearfix\" data-tab=\"3\" role=\"region\" aria-labelledby=\"elementor-tab-title-9163\"><p data-start=\"1811\" data-end=\"1842\"><strong data-start=\"1811\" data-end=\"1840\"><img decoding=\"async\" class=\"size-medium wp-image-1910 alignright\" src=\"http:\/\/astydeme.fr\/sitenew\/wp-content\/uploads\/2026\/01\/type_Mordelles-300x293.jpg\" alt=\"\" width=\"300\" height=\"293\" srcset=\"https:\/\/astydeme.fr\/sitenew\/wp-content\/uploads\/2026\/01\/type_Mordelles-300x293.jpg 300w, https:\/\/astydeme.fr\/sitenew\/wp-content\/uploads\/2026\/01\/type_Mordelles.jpg 624w\" sizes=\"(max-width: 300px) 100vw, 300px\" \/>Configuration de la salle<\/strong><\/p><ul data-start=\"1843\" data-end=\"1943\"><li data-start=\"1843\" data-end=\"1894\"><p data-start=\"1845\" data-end=\"1894\">Salle de conseil utilis\u00e9e de mani\u00e8re permanente<\/p><\/li><li data-start=\"1843\" data-end=\"1894\"><p data-start=\"1845\" data-end=\"1894\">Dispositif n\u00e9cessitant une installation stable<\/p><\/li><\/ul><p data-start=\"2025\" data-end=\"2043\"><strong data-start=\"2025\" data-end=\"2041\">Sp\u00e9cificit\u00e9s<\/strong><\/p><ul data-start=\"2044\" data-end=\"2175\"><li data-start=\"2044\" data-end=\"2108\"><p data-start=\"2046\" data-end=\"2108\">Cam\u00e9ras devant rester en permanence dans la salle de conseil<\/p><\/li><li data-start=\"2109\" data-end=\"2175\"><p data-start=\"2111\" data-end=\"2175\">Cam\u00e9ras facilement utilisables dans d\u2019autres lieux si n\u00e9cessaire<\/p><\/li><\/ul><\/div>\n\t\t\t\t<\/div>\n\t\t\t\t\t\t\t<div class=\"elementor-toggle-item\">\n\t\t\t\t\t<div id=\"elementor-tab-title-9164\" class=\"elementor-tab-title\" data-tab=\"4\" role=\"button\" aria-controls=\"elementor-tab-content-9164\" aria-expanded=\"false\">\n\t\t\t\t\t\t\t\t\t\t\t\t<span class=\"elementor-toggle-icon elementor-toggle-icon-left\" aria-hidden=\"true\">\n\t\t\t\t\t\t\t\t\t\t\t\t\t\t\t<span class=\"elementor-toggle-icon-closed\"><i class=\"fas fa-caret-right\"><\/i><\/span>\n\t\t\t\t\t\t\t\t<span class=\"elementor-toggle-icon-opened\"><i class=\"elementor-toggle-icon-opened fas fa-caret-up\"><\/i><\/span>\n\t\t\t\t\t\t\t\t\t\t\t\t\t<\/span>\n\t\t\t\t\t\t\t\t\t\t\t\t<a class=\"elementor-toggle-title\" tabindex=\"0\">2 cam\u00e9ras pilotables & 1 cam\u00e9ra panoramique (configuration de la CC du Mont des Avaloirs)<\/a>\n\t\t\t\t\t<\/div>\n\n\t\t\t\t\t<div id=\"elementor-tab-content-9164\" class=\"elementor-tab-content elementor-clearfix\" data-tab=\"4\" role=\"region\" aria-labelledby=\"elementor-tab-title-9164\"><p data-start=\"2660\" data-end=\"2691\"><strong data-start=\"2660\" data-end=\"2689\"><img loading=\"lazy\" decoding=\"async\" class=\"size-medium wp-image-1911 alignright\" src=\"http:\/\/astydeme.fr\/sitenew\/wp-content\/uploads\/2026\/01\/type_CCMA-300x225.jpg\" alt=\"\" width=\"300\" height=\"225\" srcset=\"https:\/\/astydeme.fr\/sitenew\/wp-content\/uploads\/2026\/01\/type_CCMA-300x225.jpg 300w, https:\/\/astydeme.fr\/sitenew\/wp-content\/uploads\/2026\/01\/type_CCMA-1024x767.jpg 1024w, https:\/\/astydeme.fr\/sitenew\/wp-content\/uploads\/2026\/01\/type_CCMA-768x575.jpg 768w, https:\/\/astydeme.fr\/sitenew\/wp-content\/uploads\/2026\/01\/type_CCMA-1536x1150.jpg 1536w, https:\/\/astydeme.fr\/sitenew\/wp-content\/uploads\/2026\/01\/type_CCMA.jpg 1752w\" sizes=\"(max-width: 300px) 100vw, 300px\" \/>Configuration de la salle<\/strong><\/p><ul data-start=\"2692\" data-end=\"2766\"><li data-start=\"2692\" data-end=\"2734\"><p data-start=\"2694\" data-end=\"2734\">Salle utilis\u00e9e par plusieurs instances<\/p><\/li><li data-start=\"2735\" data-end=\"2766\"><p data-start=\"2737\" data-end=\"2766\">Mutualisation des \u00e9quipements<\/p><\/li><\/ul><\/div>\n\t\t\t\t<\/div>\n\t\t\t\t\t\t\t\t<\/div>\n\t\t\t\t\t\t<\/div>\n\t\t\t\t<\/div>\n\t\t\t\t\t<\/div>\n\t\t<\/div>\n\t\t\t\t\t<\/div>\n\t\t<\/section>\n\t\t\t\t<section class=\"elementor-section elementor-top-section elementor-element elementor-element-7e5b6f8 elementor-section-boxed elementor-section-height-default elementor-section-height-default\" data-id=\"7e5b6f8\" data-element_type=\"section\" data-e-type=\"section\">\n\t\t\t\t\t\t<div class=\"elementor-container elementor-column-gap-default\">\n\t\t\t\t\t<div class=\"elementor-column elementor-col-100 elementor-top-column elementor-element elementor-element-9c36f51\" data-id=\"9c36f51\" data-element_type=\"column\" data-e-type=\"column\">\n\t\t\t<div class=\"elementor-widget-wrap elementor-element-populated\">\n\t\t\t\t\t\t<div class=\"elementor-element elementor-element-91f902e elementor-widget elementor-widget-text-editor\" data-id=\"91f902e\" data-element_type=\"widget\" data-e-type=\"widget\" data-widget_type=\"text-editor.default\">\n\t\t\t\t<div class=\"elementor-widget-container\">\n\t\t\t\t\t\t\t\t\t<p data-start=\"1026\" data-end=\"1339\"><span style=\"text-decoration: underline;\"><strong>Solutions adaptables \u00e0 tout type de salle :<\/strong><\/span><\/p><p data-start=\"1026\" data-end=\"1339\">Les solutions de captation vid\u00e9o propos\u00e9es permettent une int\u00e9gration dans des environnements vari\u00e9s, qu\u2019il s\u2019agisse de salles de conseil d\u00e9di\u00e9es ou de salles multifonctions.<br data-start=\"1200\" data-end=\"1203\" \/>Les configurations pr\u00e9sent\u00e9es tiennent compte des contraintes d\u2019espace, de circulation, d\u2019\u00e9quipements existants et d\u2019usages sp\u00e9cifiques.<\/p>\t\t\t\t\t\t\t\t<\/div>\n\t\t\t\t<\/div>\n\t\t\t\t<div class=\"elementor-element elementor-element-f69c7ea elementor-widget elementor-widget-image\" data-id=\"f69c7ea\" data-element_type=\"widget\" data-e-type=\"widget\" data-widget_type=\"image.default\">\n\t\t\t\t<div class=\"elementor-widget-container\">\n\t\t\t\t\t\t\t\t\t\t\t\t\t\t\t<img loading=\"lazy\" decoding=\"async\" width=\"300\" height=\"150\" src=\"https:\/\/astydeme.fr\/sitenew\/wp-content\/uploads\/2023\/02\/LOGO-ASTYDEME-RVB-145x73.jpg\" class=\"attachment-medium size-medium wp-image-5\" alt=\"Logo de la soci\u00e9t\u00e9 Astydeme - Bleu et gris\" srcset=\"https:\/\/astydeme.fr\/sitenew\/wp-content\/uploads\/2023\/02\/LOGO-ASTYDEME-RVB-300x150.jpg 300w, https:\/\/astydeme.fr\/sitenew\/wp-content\/uploads\/2023\/02\/LOGO-ASTYDEME-RVB-1024x512.jpg 1024w, https:\/\/astydeme.fr\/sitenew\/wp-content\/uploads\/2023\/02\/LOGO-ASTYDEME-RVB-768x384.jpg 768w, https:\/\/astydeme.fr\/sitenew\/wp-content\/uploads\/2023\/02\/LOGO-ASTYDEME-RVB-145x73.jpg 145w, https:\/\/astydeme.fr\/sitenew\/wp-content\/uploads\/2023\/02\/LOGO-ASTYDEME-RVB.jpg 1299w\" sizes=\"(max-width: 300px) 100vw, 300px\" \/>\t\t\t\t\t\t\t\t\t\t\t\t\t\t\t<\/div>\n\t\t\t\t<\/div>\n\t\t\t\t\t<\/div>\n\t\t<\/div>\n\t\t\t\t\t<\/div>\n\t\t<\/section>\n\t\t\t\t<\/div>\n\t\t","protected":false},"excerpt":{"rendered":"<p>Exemple de mise en oeuvre ASTYDEME propose des solutions de captation vid\u00e9o assist\u00e9e adaptables \u00e0 tout type de salle, destin\u00e9es aux collectivit\u00e9s locales.Les dispositifs mis en place s\u2019adaptent aux contraintes architecturales, techniques et d\u2019usage propres \u00e0 chaque lieu. Les exemples ci-dessous illustrent diff\u00e9rentes configurations de salles de conseil et les solutions techniques mises en \u0153uvre. &hellip;<\/p>\n<p class=\"read-more\"> <a class=\"\" href=\"https:\/\/astydeme.fr\/sitenew\/index.php\/exemple-de-mise-en-oeuvre\/\"> <span class=\"screen-reader-text\">Exemples de mise en oeuvre<\/span> Lire la suite\u00a0\u00bb<\/a><\/p>\n","protected":false},"author":2,"featured_media":0,"parent":0,"menu_order":0,"comment_status":"closed","ping_status":"closed","template":"","meta":{"_uag_custom_page_level_css":"","site-sidebar-layout":"no-sidebar","site-content-layout":"page-builder","ast-global-header-display":"","ast-main-header-display":"","ast-hfb-above-header-display":"","ast-hfb-below-header-display":"","ast-hfb-mobile-header-display":"","site-post-title":"disabled","ast-breadcrumbs-content":"","ast-featured-img":"disabled","footer-sml-layout":"","theme-transparent-header-meta":"","adv-header-id-meta":"","stick-header-meta":"","header-above-stick-meta":"","header-main-stick-meta":"","header-below-stick-meta":"","footnotes":""},"class_list":["post-1851","page","type-page","status-publish","hentry"],"uagb_featured_image_src":{"full":false,"thumbnail":false,"medium":false,"medium_large":false,"large":false,"1536x1536":false,"2048x2048":false},"uagb_author_info":{"display_name":"Junette","author_link":"https:\/\/astydeme.fr\/sitenew\/author\/junette\/"},"uagb_comment_info":0,"uagb_excerpt":"Exemple de mise en oeuvre ASTYDEME propose des solutions de captation vid\u00e9o assist\u00e9e adaptables \u00e0 tout type de salle, destin\u00e9es aux collectivit\u00e9s locales.Les dispositifs mis en place s\u2019adaptent aux contraintes architecturales, techniques et d\u2019usage propres \u00e0 chaque lieu. Les exemples ci-dessous illustrent diff\u00e9rentes configurations de salles de conseil et les solutions techniques mises en \u0153uvre.\u2026","_links":{"self":[{"href":"https:\/\/astydeme.fr\/sitenew\/index.php\/wp-json\/wp\/v2\/pages\/1851","targetHints":{"allow":["GET"]}}],"collection":[{"href":"https:\/\/astydeme.fr\/sitenew\/index.php\/wp-json\/wp\/v2\/pages"}],"about":[{"href":"https:\/\/astydeme.fr\/sitenew\/index.php\/wp-json\/wp\/v2\/types\/page"}],"author":[{"embeddable":true,"href":"https:\/\/astydeme.fr\/sitenew\/index.php\/wp-json\/wp\/v2\/users\/2"}],"replies":[{"embeddable":true,"href":"https:\/\/astydeme.fr\/sitenew\/index.php\/wp-json\/wp\/v2\/comments?post=1851"}],"version-history":[{"count":30,"href":"https:\/\/astydeme.fr\/sitenew\/index.php\/wp-json\/wp\/v2\/pages\/1851\/revisions"}],"predecessor-version":[{"id":2139,"href":"https:\/\/astydeme.fr\/sitenew\/index.php\/wp-json\/wp\/v2\/pages\/1851\/revisions\/2139"}],"wp:attachment":[{"href":"https:\/\/astydeme.fr\/sitenew\/index.php\/wp-json\/wp\/v2\/media?parent=1851"}],"curies":[{"name":"wp","href":"https:\/\/api.w.org\/{rel}","templated":true}]}}