{"id":1854,"date":"2025-12-18T14:32:12","date_gmt":"2025-12-18T13:32:12","guid":{"rendered":"https:\/\/astydeme.fr\/sitenew\/?page_id=1854"},"modified":"2026-02-27T16:19:29","modified_gmt":"2026-02-27T15:19:29","slug":"pack-video-quonseledise","status":"publish","type":"page","link":"https:\/\/astydeme.fr\/sitenew\/index.php\/pack-video-quonseledise\/","title":{"rendered":"Pack Vid\u00e9o QUONSELEDISE"},"content":{"rendered":"\t\t<div data-elementor-type=\"wp-page\" data-elementor-id=\"1854\" class=\"elementor elementor-1854\">\n\t\t\t\t\t\t<section class=\"elementor-section elementor-top-section elementor-element elementor-element-b43a6e8 elementor-section-boxed elementor-section-height-default elementor-section-height-default\" data-id=\"b43a6e8\" data-element_type=\"section\" data-e-type=\"section\">\n\t\t\t\t\t\t<div class=\"elementor-container elementor-column-gap-default\">\n\t\t\t\t\t<div class=\"elementor-column elementor-col-100 elementor-top-column elementor-element elementor-element-0745e29\" data-id=\"0745e29\" data-element_type=\"column\" data-e-type=\"column\">\n\t\t\t<div class=\"elementor-widget-wrap elementor-element-populated\">\n\t\t\t\t\t\t<div class=\"elementor-element elementor-element-c4ff285 elementor-widget elementor-widget-heading\" data-id=\"c4ff285\" data-element_type=\"widget\" data-e-type=\"widget\" data-widget_type=\"heading.default\">\n\t\t\t\t<div class=\"elementor-widget-container\">\n\t\t\t\t\t<h2 class=\"elementor-heading-title elementor-size-default\">Pack Vid\u00e9o \u2013 Captation vid\u00e9o assist\u00e9e<\/h2>\t\t\t\t<\/div>\n\t\t\t\t<\/div>\n\t\t\t\t\t<\/div>\n\t\t<\/div>\n\t\t\t\t\t<\/div>\n\t\t<\/section>\n\t\t\t\t<section class=\"elementor-section elementor-top-section elementor-element elementor-element-d6dab30 elementor-section-boxed elementor-section-height-default elementor-section-height-default\" data-id=\"d6dab30\" data-element_type=\"section\" data-e-type=\"section\">\n\t\t\t\t\t\t<div class=\"elementor-container elementor-column-gap-default\">\n\t\t\t\t\t<div class=\"elementor-column elementor-col-100 elementor-top-column elementor-element elementor-element-f0c78a6\" data-id=\"f0c78a6\" data-element_type=\"column\" data-e-type=\"column\">\n\t\t\t<div class=\"elementor-widget-wrap elementor-element-populated\">\n\t\t\t\t\t\t<div class=\"elementor-element elementor-element-13683a6 elementor-widget elementor-widget-text-editor\" data-id=\"13683a6\" data-element_type=\"widget\" data-e-type=\"widget\" data-widget_type=\"text-editor.default\">\n\t\t\t\t<div class=\"elementor-widget-container\">\n\t\t\t\t\t\t\t\t\t<p data-start=\"2761\" data-end=\"2930\">Le Pack Vid\u00e9o est une solution assist\u00e9e permettant de diffuser les s\u00e9ances de conseil en direct et en diff\u00e9r\u00e9.<br \/>Il inclut l\u2019ensemble des fonctionnalit\u00e9s du Pack Audio, auxquelles s\u2019ajoute la captation vid\u00e9o.<\/p><p data-start=\"2761\" data-end=\"2930\">Le Pack Vid\u00e9o permet :<\/p><ul><li><span style=\"font-style: inherit; font-family: var( --e-global-typography-text-font-family ), Sans-serif;\">la captation vid\u00e9o des s\u00e9ances,<\/span><\/li><li><span style=\"font-style: inherit; font-family: var( --e-global-typography-text-font-family ), Sans-serif;\">la diffusion en direct,<\/span><\/li><li><span style=\"font-family: var( --e-global-typography-text-font-family ), Sans-serif;\"><span style=\"font-style: inherit;\">la diffusion en diff\u00e9r\u00e9 avec <\/span><\/span>chapitrage<span style=\"font-family: var( --e-global-typography-text-font-family ), Sans-serif;\"><span style=\"font-style: inherit;\">\u00a0automatique.\u00a0<\/span><\/span><\/li><\/ul><p data-start=\"2761\" data-end=\"2930\">Composition du Pack Vid\u00e9o :<\/p><ul><li><span style=\"font-style: inherit; font-family: var( --e-global-typography-text-font-family ), Sans-serif;\">Pack Audio inclus<\/span><\/li><li><span style=\"font-style: inherit; font-family: var( --e-global-typography-text-font-family ), Sans-serif;\">Cam\u00e9ras pilotables<\/span><\/li><li><span style=\"font-style: inherit; font-family: var( --e-global-typography-text-font-family ), Sans-serif;\">Cam\u00e9ra panoramique<\/span><\/li><li><span style=\"font-style: inherit; font-family: var( --e-global-typography-text-font-family ), Sans-serif;\">Solution de diffusion vid\u00e9o assist\u00e9e<\/span><\/li><\/ul><p data-start=\"2761\" data-end=\"2930\">Le Pack Vid\u00e9o s\u2019adapte :<\/p><ul><li><span style=\"font-style: inherit; font-family: var( --e-global-typography-text-font-family ), Sans-serif;\">aux salles de conseil d\u00e9di\u00e9es,<\/span><\/li><li><span style=\"font-style: inherit; font-family: var( --e-global-typography-text-font-family ), Sans-serif;\">aux salles multifonctions,<\/span><\/li><li><span style=\"font-style: inherit; font-family: var( --e-global-typography-text-font-family ), Sans-serif;\">aux contraintes architecturales sp\u00e9cifiques.<\/span><\/li><\/ul><p data-start=\"2761\" data-end=\"2930\">Diff\u00e9rentes configurations peuvent \u00eatre mises en \u0153uvre selon les besoins :<\/p>\t\t\t\t\t\t\t\t<\/div>\n\t\t\t\t<\/div>\n\t\t\t\t<div class=\"elementor-element elementor-element-b2962d3 elementor-align-left elementor-widget elementor-widget-button\" data-id=\"b2962d3\" data-element_type=\"widget\" data-e-type=\"widget\" data-widget_type=\"button.default\">\n\t\t\t\t<div class=\"elementor-widget-container\">\n\t\t\t\t\t\t\t\t\t<div class=\"elementor-button-wrapper\">\n\t\t\t\t\t<a class=\"elementor-button elementor-button-link elementor-size-xs\" href=\"https:\/\/astydeme.fr\/sitenew\/index.php\/exemple-de-mise-en-oeuvre\/\">\n\t\t\t\t\t\t<span class=\"elementor-button-content-wrapper\">\n\t\t\t\t\t\t\t\t\t<span class=\"elementor-button-text\">mises en oeuvre possibles<\/span>\n\t\t\t\t\t<\/span>\n\t\t\t\t\t<\/a>\n\t\t\t\t<\/div>\n\t\t\t\t\t\t\t\t<\/div>\n\t\t\t\t<\/div>\n\t\t\t\t<div class=\"elementor-element elementor-element-c2e1099 elementor-widget elementor-widget-text-editor\" data-id=\"c2e1099\" data-element_type=\"widget\" data-e-type=\"widget\" data-widget_type=\"text-editor.default\">\n\t\t\t\t<div class=\"elementor-widget-container\">\n\t\t\t\t\t\t\t\t\t<p data-start=\"2761\" data-end=\"2930\"><strong><span style=\"text-decoration: underline;\">Diffusion diff\u00e9r\u00e9e avec chapitrage automatique :<\/span><\/strong><\/p><p data-start=\"2761\" data-end=\"2930\">Gr\u00e2ce au Pack Vid\u00e9o QUONSELEDISE, vos s\u00e9ances sont enregistr\u00e9es puis diffus\u00e9es en diff\u00e9r\u00e9 sur votre plateforme d\u00e9di\u00e9e.<br \/>Chaque intervention est automatiquement structur\u00e9e gr\u00e2ce \u00e0 un syst\u00e8me de chapitrage intelligent, permettant d\u2019identifier les diff\u00e9rents points de l\u2019ordre du jour.<br \/>R\u00e9sultat : les citoyens peuvent acc\u00e9der directement au passage qui les int\u00e9resse (vote, d\u00e9bat, intervention pr\u00e9cise) sans avoir \u00e0 visionner l\u2019int\u00e9gralit\u00e9 de la s\u00e9ance.<br \/>Une solution moderne, accessible et transparente, qui valorise vos \u00e9changes tout en facilitant la consultation publique.<\/p>\t\t\t\t\t\t\t\t<\/div>\n\t\t\t\t<\/div>\n\t\t\t\t<div class=\"elementor-element elementor-element-d1bea4d elementor-widget elementor-widget-image\" data-id=\"d1bea4d\" data-element_type=\"widget\" data-e-type=\"widget\" data-widget_type=\"image.default\">\n\t\t\t\t<div class=\"elementor-widget-container\">\n\t\t\t\t\t\t\t\t\t\t\t\t<figure class=\"wp-caption\">\n\t\t\t\t\t\t\t\t\t\t<img fetchpriority=\"high\" decoding=\"async\" width=\"1024\" height=\"441\" src=\"https:\/\/astydeme.fr\/sitenew\/wp-content\/uploads\/2026\/02\/Capture-decran-2026-02-22-a-17.29.19-1024x441.png\" class=\"attachment-large size-large wp-image-2145\" alt=\"\" srcset=\"https:\/\/astydeme.fr\/sitenew\/wp-content\/uploads\/2026\/02\/Capture-decran-2026-02-22-a-17.29.19-1024x441.png 1024w, https:\/\/astydeme.fr\/sitenew\/wp-content\/uploads\/2026\/02\/Capture-decran-2026-02-22-a-17.29.19-300x129.png 300w, https:\/\/astydeme.fr\/sitenew\/wp-content\/uploads\/2026\/02\/Capture-decran-2026-02-22-a-17.29.19-768x331.png 768w, https:\/\/astydeme.fr\/sitenew\/wp-content\/uploads\/2026\/02\/Capture-decran-2026-02-22-a-17.29.19-1536x661.png 1536w, https:\/\/astydeme.fr\/sitenew\/wp-content\/uploads\/2026\/02\/Capture-decran-2026-02-22-a-17.29.19-2048x881.png 2048w\" sizes=\"(max-width: 1024px) 100vw, 1024px\" \/>\t\t\t\t\t\t\t\t\t\t\t<figcaption class=\"widget-image-caption wp-caption-text\">Exemple de chapitrage automatique d'un conseil municipal de Port Saint Louis du Rh\u00f4ne<\/figcaption>\n\t\t\t\t\t\t\t\t\t\t<\/figure>\n\t\t\t\t\t\t\t\t\t<\/div>\n\t\t\t\t<\/div>\n\t\t\t\t\t<\/div>\n\t\t<\/div>\n\t\t\t\t\t<\/div>\n\t\t<\/section>\n\t\t\t\t<section class=\"elementor-section elementor-top-section elementor-element elementor-element-55d572c elementor-section-boxed elementor-section-height-default elementor-section-height-default\" data-id=\"55d572c\" data-element_type=\"section\" data-e-type=\"section\">\n\t\t\t\t\t\t<div class=\"elementor-container elementor-column-gap-default\">\n\t\t\t\t\t<div class=\"elementor-column elementor-col-100 elementor-top-column elementor-element elementor-element-01f13fc\" data-id=\"01f13fc\" data-element_type=\"column\" data-e-type=\"column\">\n\t\t\t<div class=\"elementor-widget-wrap elementor-element-populated\">\n\t\t\t\t\t\t<div class=\"elementor-element elementor-element-b1c1e1d elementor-widget elementor-widget-spacer\" data-id=\"b1c1e1d\" data-element_type=\"widget\" data-e-type=\"widget\" data-widget_type=\"spacer.default\">\n\t\t\t\t<div class=\"elementor-widget-container\">\n\t\t\t\t\t\t\t<div class=\"elementor-spacer\">\n\t\t\t<div class=\"elementor-spacer-inner\"><\/div>\n\t\t<\/div>\n\t\t\t\t\t\t<\/div>\n\t\t\t\t<\/div>\n\t\t\t\t<div class=\"elementor-element elementor-element-e764454 elementor-widget elementor-widget-heading\" data-id=\"e764454\" data-element_type=\"widget\" data-e-type=\"widget\" data-widget_type=\"heading.default\">\n\t\t\t\t<div class=\"elementor-widget-container\">\n\t\t\t\t\t<h2 class=\"elementor-heading-title elementor-size-default\">Vous souhaitez commander votre Pack Vid\u00e9o ? <\/h2>\t\t\t\t<\/div>\n\t\t\t\t<\/div>\n\t\t\t\t<div class=\"elementor-element elementor-element-1beea29 elementor-align-center elementor-widget elementor-widget-button\" data-id=\"1beea29\" data-element_type=\"widget\" data-e-type=\"widget\" data-widget_type=\"button.default\">\n\t\t\t\t<div class=\"elementor-widget-container\">\n\t\t\t\t\t\t\t\t\t<div class=\"elementor-button-wrapper\">\n\t\t\t\t\t<a class=\"elementor-button elementor-button-link elementor-size-xs\" href=\"https:\/\/astydeme.fr\/sitenew\/index.php\/contact\/\">\n\t\t\t\t\t\t<span class=\"elementor-button-content-wrapper\">\n\t\t\t\t\t\t\t\t\t<span class=\"elementor-button-text\">Contactez-nous<\/span>\n\t\t\t\t\t<\/span>\n\t\t\t\t\t<\/a>\n\t\t\t\t<\/div>\n\t\t\t\t\t\t\t\t<\/div>\n\t\t\t\t<\/div>\n\t\t\t\t<div class=\"elementor-element elementor-element-d436859 elementor-widget elementor-widget-image\" data-id=\"d436859\" data-element_type=\"widget\" data-e-type=\"widget\" data-widget_type=\"image.default\">\n\t\t\t\t<div class=\"elementor-widget-container\">\n\t\t\t\t\t\t\t\t\t\t\t\t\t\t\t<img decoding=\"async\" width=\"300\" height=\"150\" src=\"https:\/\/astydeme.fr\/sitenew\/wp-content\/uploads\/2023\/02\/LOGO-ASTYDEME-RVB-145x73.jpg\" class=\"attachment-medium size-medium wp-image-5\" alt=\"Logo de la soci\u00e9t\u00e9 Astydeme - Bleu et gris\" srcset=\"https:\/\/astydeme.fr\/sitenew\/wp-content\/uploads\/2023\/02\/LOGO-ASTYDEME-RVB-300x150.jpg 300w, https:\/\/astydeme.fr\/sitenew\/wp-content\/uploads\/2023\/02\/LOGO-ASTYDEME-RVB-1024x512.jpg 1024w, https:\/\/astydeme.fr\/sitenew\/wp-content\/uploads\/2023\/02\/LOGO-ASTYDEME-RVB-768x384.jpg 768w, https:\/\/astydeme.fr\/sitenew\/wp-content\/uploads\/2023\/02\/LOGO-ASTYDEME-RVB-145x73.jpg 145w, https:\/\/astydeme.fr\/sitenew\/wp-content\/uploads\/2023\/02\/LOGO-ASTYDEME-RVB.jpg 1299w\" sizes=\"(max-width: 300px) 100vw, 300px\" \/>\t\t\t\t\t\t\t\t\t\t\t\t\t\t\t<\/div>\n\t\t\t\t<\/div>\n\t\t\t\t\t<\/div>\n\t\t<\/div>\n\t\t\t\t\t<\/div>\n\t\t<\/section>\n\t\t\t\t<section class=\"elementor-section elementor-top-section elementor-element elementor-element-ae12f73 elementor-section-boxed elementor-section-height-default elementor-section-height-default\" data-id=\"ae12f73\" data-element_type=\"section\" data-e-type=\"section\">\n\t\t\t\t\t\t<div class=\"elementor-container elementor-column-gap-default\">\n\t\t\t\t\t<div class=\"elementor-column elementor-col-100 elementor-top-column elementor-element elementor-element-6ff6ce2\" data-id=\"6ff6ce2\" data-element_type=\"column\" data-e-type=\"column\">\n\t\t\t<div class=\"elementor-widget-wrap\">\n\t\t\t\t\t\t\t<\/div>\n\t\t<\/div>\n\t\t\t\t\t<\/div>\n\t\t<\/section>\n\t\t\t\t<\/div>\n\t\t","protected":false},"excerpt":{"rendered":"<p>Pack Vid\u00e9o \u2013 Captation vid\u00e9o assist\u00e9e Le Pack Vid\u00e9o est une solution assist\u00e9e permettant de diffuser les s\u00e9ances de conseil en direct et en diff\u00e9r\u00e9.Il inclut l\u2019ensemble des fonctionnalit\u00e9s du Pack Audio, auxquelles s\u2019ajoute la captation vid\u00e9o. Le Pack Vid\u00e9o permet : la captation vid\u00e9o des s\u00e9ances, la diffusion en direct, la diffusion en diff\u00e9r\u00e9 &hellip;<\/p>\n<p class=\"read-more\"> <a class=\"\" href=\"https:\/\/astydeme.fr\/sitenew\/index.php\/pack-video-quonseledise\/\"> <span class=\"screen-reader-text\">Pack Vid\u00e9o QUONSELEDISE<\/span> Lire la suite\u00a0\u00bb<\/a><\/p>\n","protected":false},"author":2,"featured_media":0,"parent":0,"menu_order":0,"comment_status":"closed","ping_status":"closed","template":"","meta":{"_uag_custom_page_level_css":"","site-sidebar-layout":"no-sidebar","site-content-layout":"page-builder","ast-global-header-display":"","ast-main-header-display":"","ast-hfb-above-header-display":"","ast-hfb-below-header-display":"","ast-hfb-mobile-header-display":"","site-post-title":"disabled","ast-breadcrumbs-content":"","ast-featured-img":"disabled","footer-sml-layout":"","theme-transparent-header-meta":"","adv-header-id-meta":"","stick-header-meta":"","header-above-stick-meta":"","header-main-stick-meta":"","header-below-stick-meta":"","footnotes":""},"class_list":["post-1854","page","type-page","status-publish","hentry"],"uagb_featured_image_src":{"full":false,"thumbnail":false,"medium":false,"medium_large":false,"large":false,"1536x1536":false,"2048x2048":false},"uagb_author_info":{"display_name":"Junette","author_link":"https:\/\/astydeme.fr\/sitenew\/author\/junette\/"},"uagb_comment_info":0,"uagb_excerpt":"Pack Vid\u00e9o \u2013 Captation vid\u00e9o assist\u00e9e Le Pack Vid\u00e9o est une solution assist\u00e9e permettant de diffuser les s\u00e9ances de conseil en direct et en diff\u00e9r\u00e9.Il inclut l\u2019ensemble des fonctionnalit\u00e9s du Pack Audio, auxquelles s\u2019ajoute la captation vid\u00e9o. Le Pack Vid\u00e9o permet : la captation vid\u00e9o des s\u00e9ances, la diffusion en direct, la diffusion en diff\u00e9r\u00e9\u2026","_links":{"self":[{"href":"https:\/\/astydeme.fr\/sitenew\/index.php\/wp-json\/wp\/v2\/pages\/1854","targetHints":{"allow":["GET"]}}],"collection":[{"href":"https:\/\/astydeme.fr\/sitenew\/index.php\/wp-json\/wp\/v2\/pages"}],"about":[{"href":"https:\/\/astydeme.fr\/sitenew\/index.php\/wp-json\/wp\/v2\/types\/page"}],"author":[{"embeddable":true,"href":"https:\/\/astydeme.fr\/sitenew\/index.php\/wp-json\/wp\/v2\/users\/2"}],"replies":[{"embeddable":true,"href":"https:\/\/astydeme.fr\/sitenew\/index.php\/wp-json\/wp\/v2\/comments?post=1854"}],"version-history":[{"count":23,"href":"https:\/\/astydeme.fr\/sitenew\/index.php\/wp-json\/wp\/v2\/pages\/1854\/revisions"}],"predecessor-version":[{"id":2154,"href":"https:\/\/astydeme.fr\/sitenew\/index.php\/wp-json\/wp\/v2\/pages\/1854\/revisions\/2154"}],"wp:attachment":[{"href":"https:\/\/astydeme.fr\/sitenew\/index.php\/wp-json\/wp\/v2\/media?parent=1854"}],"curies":[{"name":"wp","href":"https:\/\/api.w.org\/{rel}","templated":true}]}}