{"id":1858,"date":"2025-12-18T14:33:46","date_gmt":"2025-12-18T13:33:46","guid":{"rendered":"https:\/\/astydeme.fr\/sitenew\/?page_id=1858"},"modified":"2026-02-22T17:21:40","modified_gmt":"2026-02-22T16:21:40","slug":"kit-audio-ea","status":"publish","type":"page","link":"https:\/\/astydeme.fr\/sitenew\/index.php\/kit-audio-ea\/","title":{"rendered":"Kit Audio EA"},"content":{"rendered":"\t\t<div data-elementor-type=\"wp-page\" data-elementor-id=\"1858\" class=\"elementor elementor-1858\">\n\t\t\t\t\t\t<section class=\"elementor-section elementor-top-section elementor-element elementor-element-4029b7d elementor-section-boxed elementor-section-height-default elementor-section-height-default\" data-id=\"4029b7d\" data-element_type=\"section\" data-e-type=\"section\">\n\t\t\t\t\t\t<div class=\"elementor-container elementor-column-gap-default\">\n\t\t\t\t\t<div class=\"elementor-column elementor-col-100 elementor-top-column elementor-element elementor-element-084c697\" data-id=\"084c697\" data-element_type=\"column\" data-e-type=\"column\">\n\t\t\t<div class=\"elementor-widget-wrap elementor-element-populated\">\n\t\t\t\t\t\t<div class=\"elementor-element elementor-element-6817b45 elementor-widget elementor-widget-heading\" data-id=\"6817b45\" data-element_type=\"widget\" data-e-type=\"widget\" data-widget_type=\"heading.default\">\n\t\t\t\t<div class=\"elementor-widget-container\">\n\t\t\t\t\t<h2 class=\"elementor-heading-title elementor-size-default\">Kit Audio EA<\/h2>\t\t\t\t<\/div>\n\t\t\t\t<\/div>\n\t\t\t\t\t<\/div>\n\t\t<\/div>\n\t\t\t\t\t<\/div>\n\t\t<\/section>\n\t\t\t\t<section class=\"elementor-section elementor-top-section elementor-element elementor-element-3cc1bfb elementor-section-boxed elementor-section-height-default elementor-section-height-default\" data-id=\"3cc1bfb\" data-element_type=\"section\" data-e-type=\"section\">\n\t\t\t\t\t\t<div class=\"elementor-container elementor-column-gap-default\">\n\t\t\t\t\t<div class=\"elementor-column elementor-col-100 elementor-top-column elementor-element elementor-element-c0a822f\" data-id=\"c0a822f\" data-element_type=\"column\" data-e-type=\"column\">\n\t\t\t<div class=\"elementor-widget-wrap elementor-element-populated\">\n\t\t\t\t\t\t<div class=\"elementor-element elementor-element-d5e52e3 elementor-widget elementor-widget-text-editor\" data-id=\"d5e52e3\" data-element_type=\"widget\" data-e-type=\"widget\" data-widget_type=\"text-editor.default\">\n\t\t\t\t<div class=\"elementor-widget-container\">\n\t\t\t\t\t\t\t\t\t<p data-start=\"1044\" data-end=\"1290\">Le Kit EA \u2013 Enregistreur Audio EA est une solution de captation audio d\u00e9di\u00e9e aux r\u00e9unions et instances publiques.<br data-start=\"1161\" data-end=\"1164\">Il permet d\u2019enregistrer les \u00e9changes afin de produire une <strong data-start=\"1222\" data-end=\"1250\">transcription de qualit\u00e9<\/strong>, en lien avec la solution Quonseledise.<\/p>\n<p data-start=\"1292\" data-end=\"1389\">Le kit est con\u00e7u pour une mise en \u0153uvre simple et rapide, sans contrainte technique particuli\u00e8re.<\/p>\t\t\t\t\t\t\t\t<\/div>\n\t\t\t\t<\/div>\n\t\t\t\t\t<\/div>\n\t\t<\/div>\n\t\t\t\t\t<\/div>\n\t\t<\/section>\n\t\t\t\t<section class=\"elementor-section elementor-top-section elementor-element elementor-element-3f7f2cc elementor-section-boxed elementor-section-height-default elementor-section-height-default\" data-id=\"3f7f2cc\" data-element_type=\"section\" data-e-type=\"section\">\n\t\t\t\t\t\t<div class=\"elementor-container elementor-column-gap-default\">\n\t\t\t\t\t<div class=\"elementor-column elementor-col-50 elementor-top-column elementor-element elementor-element-8e50161\" data-id=\"8e50161\" data-element_type=\"column\" data-e-type=\"column\">\n\t\t\t<div class=\"elementor-widget-wrap elementor-element-populated\">\n\t\t\t\t\t\t<div class=\"elementor-element elementor-element-fdb667e elementor-widget elementor-widget-text-editor\" data-id=\"fdb667e\" data-element_type=\"widget\" data-e-type=\"widget\" data-widget_type=\"text-editor.default\">\n\t\t\t\t<div class=\"elementor-widget-container\">\n\t\t\t\t\t\t\t\t\t<p data-start=\"1441\" data-end=\"1459\"><span style=\"text-decoration: underline;\"><strong>Le Kit EA permet :<\/strong><\/span><\/p><ul><li data-start=\"1462\" data-end=\"1497\">l\u2019enregistrement audio de r\u00e9unions,<\/li><li data-start=\"1500\" data-end=\"1545\">la captation des \u00e9changes entre intervenants,<\/li><li data-start=\"1548\" data-end=\"1602\">la pr\u00e9paration d\u2019une transcription fid\u00e8le des s\u00e9ances.<\/li><\/ul><p data-start=\"1604\" data-end=\"1696\">Il constitue la <strong data-start=\"1620\" data-end=\"1639\">base mat\u00e9rielle<\/strong> des solutions de captation audio propos\u00e9es par ASTYDEME.<\/p><p data-start=\"1604\" data-end=\"1696\"><b><u>Le Kit EA comprend :<\/u><\/b><\/p><ul><li>des microphones d\u2019ambiance,<\/li><li>une carte son externe,<\/li><li>les c\u00e2bles n\u00e9cessaires,<\/li><li>un \u00e9quipement compact et transportable.<\/li><\/ul><p>L\u2019ensemble est con\u00e7u pour \u00eatre install\u00e9 et utilis\u00e9 facilement dans diff\u00e9rents environnements.<\/p><p><span style=\"text-decoration: underline;\"><strong>Mise en \u0153uvre : <\/strong><\/span><\/p><p>L\u2019installation du Kit EA s\u2019effectue rapidement sur un poste informatique.<br \/>\u00c0 l\u2019issue de la r\u00e9union, l\u2019enregistrement peut \u00eatre transf\u00e9r\u00e9 vers la solution Quonsel\u00e9dise afin de d\u00e9clencher la transcription.<\/p><p><strong><span style=\"text-decoration: underline;\">Le Kit EA est adapt\u00e9 :<\/span><\/strong><\/p><ul><li>aux conseils municipaux,<\/li><li>aux commissions,<\/li><li>aux r\u00e9unions publiques,<\/li><li>\u00e0 tout contexte n\u00e9cessitant une captation audio fiable.<\/li><\/ul>\t\t\t\t\t\t\t\t<\/div>\n\t\t\t\t<\/div>\n\t\t\t\t\t<\/div>\n\t\t<\/div>\n\t\t\t\t<div class=\"elementor-column elementor-col-50 elementor-top-column elementor-element elementor-element-ddd5e4a\" data-id=\"ddd5e4a\" data-element_type=\"column\" data-e-type=\"column\">\n\t\t\t<div class=\"elementor-widget-wrap elementor-element-populated\">\n\t\t\t\t\t\t<div class=\"elementor-element elementor-element-650e77e elementor-widget elementor-widget-spacer\" data-id=\"650e77e\" data-element_type=\"widget\" data-e-type=\"widget\" data-widget_type=\"spacer.default\">\n\t\t\t\t<div class=\"elementor-widget-container\">\n\t\t\t\t\t\t\t<div class=\"elementor-spacer\">\n\t\t\t<div class=\"elementor-spacer-inner\"><\/div>\n\t\t<\/div>\n\t\t\t\t\t\t<\/div>\n\t\t\t\t<\/div>\n\t\t\t\t<div class=\"elementor-element elementor-element-f253252 elementor-widget elementor-widget-image\" data-id=\"f253252\" data-element_type=\"widget\" data-e-type=\"widget\" data-widget_type=\"image.default\">\n\t\t\t\t<div class=\"elementor-widget-container\">\n\t\t\t\t\t\t\t\t\t\t\t\t\t\t\t<img fetchpriority=\"high\" decoding=\"async\" width=\"724\" height=\"1024\" src=\"https:\/\/astydeme.fr\/sitenew\/wp-content\/uploads\/2026\/01\/1-724x1024.png\" class=\"attachment-large size-large wp-image-1901\" alt=\"\" srcset=\"https:\/\/astydeme.fr\/sitenew\/wp-content\/uploads\/2026\/01\/1-724x1024.png 724w, https:\/\/astydeme.fr\/sitenew\/wp-content\/uploads\/2026\/01\/1-212x300.png 212w, https:\/\/astydeme.fr\/sitenew\/wp-content\/uploads\/2026\/01\/1-768x1086.png 768w, https:\/\/astydeme.fr\/sitenew\/wp-content\/uploads\/2026\/01\/1-1086x1536.png 1086w, https:\/\/astydeme.fr\/sitenew\/wp-content\/uploads\/2026\/01\/1-1448x2048.png 1448w, https:\/\/astydeme.fr\/sitenew\/wp-content\/uploads\/2026\/01\/1.png 1587w\" sizes=\"(max-width: 724px) 100vw, 724px\" \/>\t\t\t\t\t\t\t\t\t\t\t\t\t\t\t<\/div>\n\t\t\t\t<\/div>\n\t\t\t\t\t<\/div>\n\t\t<\/div>\n\t\t\t\t\t<\/div>\n\t\t<\/section>\n\t\t\t\t<section class=\"elementor-section elementor-top-section elementor-element elementor-element-538cbce elementor-section-boxed elementor-section-height-default elementor-section-height-default\" data-id=\"538cbce\" data-element_type=\"section\" data-e-type=\"section\">\n\t\t\t\t\t\t<div class=\"elementor-container elementor-column-gap-default\">\n\t\t\t\t\t<div class=\"elementor-column elementor-col-100 elementor-top-column elementor-element elementor-element-899e4fe\" data-id=\"899e4fe\" data-element_type=\"column\" data-e-type=\"column\">\n\t\t\t<div class=\"elementor-widget-wrap elementor-element-populated\">\n\t\t\t\t\t\t<div class=\"elementor-element elementor-element-f9659a6 elementor-widget elementor-widget-spacer\" data-id=\"f9659a6\" data-element_type=\"widget\" data-e-type=\"widget\" data-widget_type=\"spacer.default\">\n\t\t\t\t<div class=\"elementor-widget-container\">\n\t\t\t\t\t\t\t<div class=\"elementor-spacer\">\n\t\t\t<div class=\"elementor-spacer-inner\"><\/div>\n\t\t<\/div>\n\t\t\t\t\t\t<\/div>\n\t\t\t\t<\/div>\n\t\t\t\t<div class=\"elementor-element elementor-element-b2a8ad5 elementor-widget elementor-widget-heading\" data-id=\"b2a8ad5\" data-element_type=\"widget\" data-e-type=\"widget\" data-widget_type=\"heading.default\">\n\t\t\t\t<div class=\"elementor-widget-container\">\n\t\t\t\t\t<h2 class=\"elementor-heading-title elementor-size-default\">Vous souhaitez commander votre kit EA ? <\/h2>\t\t\t\t<\/div>\n\t\t\t\t<\/div>\n\t\t\t\t<div class=\"elementor-element elementor-element-990fa98 elementor-widget elementor-widget-spacer\" data-id=\"990fa98\" data-element_type=\"widget\" data-e-type=\"widget\" data-widget_type=\"spacer.default\">\n\t\t\t\t<div class=\"elementor-widget-container\">\n\t\t\t\t\t\t\t<div class=\"elementor-spacer\">\n\t\t\t<div class=\"elementor-spacer-inner\"><\/div>\n\t\t<\/div>\n\t\t\t\t\t\t<\/div>\n\t\t\t\t<\/div>\n\t\t\t\t<div class=\"elementor-element elementor-element-3aaa7bf elementor-align-center elementor-widget elementor-widget-button\" data-id=\"3aaa7bf\" data-element_type=\"widget\" data-e-type=\"widget\" data-widget_type=\"button.default\">\n\t\t\t\t<div class=\"elementor-widget-container\">\n\t\t\t\t\t\t\t\t\t<div class=\"elementor-button-wrapper\">\n\t\t\t\t\t<a class=\"elementor-button elementor-button-link elementor-size-xs\" href=\"https:\/\/astydeme.fr\/sitenew\/index.php\/contact\/\">\n\t\t\t\t\t\t<span class=\"elementor-button-content-wrapper\">\n\t\t\t\t\t\t\t\t\t<span class=\"elementor-button-text\">Contactez-nous<\/span>\n\t\t\t\t\t<\/span>\n\t\t\t\t\t<\/a>\n\t\t\t\t<\/div>\n\t\t\t\t\t\t\t\t<\/div>\n\t\t\t\t<\/div>\n\t\t\t\t<div class=\"elementor-element elementor-element-3f8319d elementor-widget elementor-widget-image\" data-id=\"3f8319d\" data-element_type=\"widget\" data-e-type=\"widget\" data-widget_type=\"image.default\">\n\t\t\t\t<div class=\"elementor-widget-container\">\n\t\t\t\t\t\t\t\t\t\t\t\t\t\t\t<img decoding=\"async\" width=\"300\" height=\"150\" src=\"https:\/\/astydeme.fr\/sitenew\/wp-content\/uploads\/2023\/02\/LOGO-ASTYDEME-RVB-145x73.jpg\" class=\"attachment-medium size-medium wp-image-5\" alt=\"Logo de la soci\u00e9t\u00e9 Astydeme - Bleu et gris\" srcset=\"https:\/\/astydeme.fr\/sitenew\/wp-content\/uploads\/2023\/02\/LOGO-ASTYDEME-RVB-300x150.jpg 300w, https:\/\/astydeme.fr\/sitenew\/wp-content\/uploads\/2023\/02\/LOGO-ASTYDEME-RVB-1024x512.jpg 1024w, https:\/\/astydeme.fr\/sitenew\/wp-content\/uploads\/2023\/02\/LOGO-ASTYDEME-RVB-768x384.jpg 768w, https:\/\/astydeme.fr\/sitenew\/wp-content\/uploads\/2023\/02\/LOGO-ASTYDEME-RVB-145x73.jpg 145w, https:\/\/astydeme.fr\/sitenew\/wp-content\/uploads\/2023\/02\/LOGO-ASTYDEME-RVB.jpg 1299w\" sizes=\"(max-width: 300px) 100vw, 300px\" \/>\t\t\t\t\t\t\t\t\t\t\t\t\t\t\t<\/div>\n\t\t\t\t<\/div>\n\t\t\t\t\t<\/div>\n\t\t<\/div>\n\t\t\t\t\t<\/div>\n\t\t<\/section>\n\t\t\t\t<\/div>\n\t\t","protected":false},"excerpt":{"rendered":"<p>Kit Audio EA Le Kit EA \u2013 Enregistreur Audio EA est une solution de captation audio d\u00e9di\u00e9e aux r\u00e9unions et instances publiques.Il permet d\u2019enregistrer les \u00e9changes afin de produire une transcription de qualit\u00e9, en lien avec la solution Quonseledise. Le kit est con\u00e7u pour une mise en \u0153uvre simple et rapide, sans contrainte technique particuli\u00e8re. &hellip;<\/p>\n<p class=\"read-more\"> <a class=\"\" href=\"https:\/\/astydeme.fr\/sitenew\/index.php\/kit-audio-ea\/\"> <span class=\"screen-reader-text\">Kit Audio EA<\/span> Lire la suite\u00a0\u00bb<\/a><\/p>\n","protected":false},"author":2,"featured_media":0,"parent":0,"menu_order":0,"comment_status":"closed","ping_status":"closed","template":"","meta":{"_uag_custom_page_level_css":"","site-sidebar-layout":"no-sidebar","site-content-layout":"page-builder","ast-global-header-display":"","ast-main-header-display":"","ast-hfb-above-header-display":"","ast-hfb-below-header-display":"","ast-hfb-mobile-header-display":"","site-post-title":"disabled","ast-breadcrumbs-content":"","ast-featured-img":"disabled","footer-sml-layout":"","theme-transparent-header-meta":"","adv-header-id-meta":"","stick-header-meta":"","header-above-stick-meta":"","header-main-stick-meta":"","header-below-stick-meta":"","footnotes":""},"class_list":["post-1858","page","type-page","status-publish","hentry"],"uagb_featured_image_src":{"full":false,"thumbnail":false,"medium":false,"medium_large":false,"large":false,"1536x1536":false,"2048x2048":false},"uagb_author_info":{"display_name":"Junette","author_link":"https:\/\/astydeme.fr\/sitenew\/author\/junette\/"},"uagb_comment_info":0,"uagb_excerpt":"Kit Audio EA Le Kit EA \u2013 Enregistreur Audio EA est une solution de captation audio d\u00e9di\u00e9e aux r\u00e9unions et instances publiques.Il permet d\u2019enregistrer les \u00e9changes afin de produire une transcription de qualit\u00e9, en lien avec la solution Quonseledise. Le kit est con\u00e7u pour une mise en \u0153uvre simple et rapide, sans contrainte technique particuli\u00e8re.\u2026","_links":{"self":[{"href":"https:\/\/astydeme.fr\/sitenew\/index.php\/wp-json\/wp\/v2\/pages\/1858","targetHints":{"allow":["GET"]}}],"collection":[{"href":"https:\/\/astydeme.fr\/sitenew\/index.php\/wp-json\/wp\/v2\/pages"}],"about":[{"href":"https:\/\/astydeme.fr\/sitenew\/index.php\/wp-json\/wp\/v2\/types\/page"}],"author":[{"embeddable":true,"href":"https:\/\/astydeme.fr\/sitenew\/index.php\/wp-json\/wp\/v2\/users\/2"}],"replies":[{"embeddable":true,"href":"https:\/\/astydeme.fr\/sitenew\/index.php\/wp-json\/wp\/v2\/comments?post=1858"}],"version-history":[{"count":20,"href":"https:\/\/astydeme.fr\/sitenew\/index.php\/wp-json\/wp\/v2\/pages\/1858\/revisions"}],"predecessor-version":[{"id":2136,"href":"https:\/\/astydeme.fr\/sitenew\/index.php\/wp-json\/wp\/v2\/pages\/1858\/revisions\/2136"}],"wp:attachment":[{"href":"https:\/\/astydeme.fr\/sitenew\/index.php\/wp-json\/wp\/v2\/media?parent=1858"}],"curies":[{"name":"wp","href":"https:\/\/api.w.org\/{rel}","templated":true}]}}