{"id":909,"date":"2023-02-18T11:20:54","date_gmt":"2023-02-18T10:20:54","guid":{"rendered":"http:\/\/astydeme.fr\/sitenew\/?page_id=909"},"modified":"2026-01-16T12:35:04","modified_gmt":"2026-01-16T11:35:04","slug":"societe-astydeme","status":"publish","type":"page","link":"https:\/\/astydeme.fr\/sitenew\/index.php\/societe-astydeme\/","title":{"rendered":"Soci\u00e9t\u00e9"},"content":{"rendered":"\t\t<div data-elementor-type=\"wp-page\" data-elementor-id=\"909\" class=\"elementor elementor-909\">\n\t\t\t\t\t\t<section class=\"elementor-section elementor-top-section elementor-element elementor-element-577e8b0 elementor-section-boxed elementor-section-height-default elementor-section-height-default\" data-id=\"577e8b0\" data-element_type=\"section\" data-e-type=\"section\">\n\t\t\t\t\t\t<div class=\"elementor-container elementor-column-gap-default\">\n\t\t\t\t\t<div class=\"elementor-column elementor-col-100 elementor-top-column elementor-element elementor-element-91e2b3c\" data-id=\"91e2b3c\" data-element_type=\"column\" data-e-type=\"column\">\n\t\t\t<div class=\"elementor-widget-wrap elementor-element-populated\">\n\t\t\t\t\t\t<div class=\"elementor-element elementor-element-a52f98c elementor-widget elementor-widget-heading\" data-id=\"a52f98c\" data-element_type=\"widget\" data-e-type=\"widget\" data-widget_type=\"heading.default\">\n\t\t\t\t<div class=\"elementor-widget-container\">\n\t\t\t\t\t<h2 class=\"elementor-heading-title elementor-size-default\">ASTYDEME, soci\u00e9t\u00e9 d\u2019ing\u00e9nierie et de solutions de captation vid\u00e9o<\/h2>\t\t\t\t<\/div>\n\t\t\t\t<\/div>\n\t\t\t\t<div class=\"elementor-element elementor-element-55387ab elementor-widget elementor-widget-text-editor\" data-id=\"55387ab\" data-element_type=\"widget\" data-e-type=\"widget\" data-widget_type=\"text-editor.default\">\n\t\t\t\t<div class=\"elementor-widget-container\">\n\t\t\t\t\t\t\t\t\t<p data-start=\"809\" data-end=\"1187\"><strong><span style=\"text-decoration: underline;\">Pr\u00e9sentation g\u00e9n\u00e9rale<\/span><\/strong><\/p><p data-start=\"425\" data-end=\"704\">ASTYDEME est une soci\u00e9t\u00e9 fran\u00e7aise cr\u00e9\u00e9e en 2014, exer\u00e7ant une activit\u00e9 d\u2019ing\u00e9nierie et d\u2019\u00e9tudes techniques.<br data-start=\"533\" data-end=\"536\" \/>Elle d\u00e9veloppe et met en \u0153uvre des solutions techniques dans le domaine de la <strong data-start=\"614\" data-end=\"633\">captation vid\u00e9o<\/strong>, de la <strong data-start=\"641\" data-end=\"664\">diffusion en direct<\/strong>et de la <strong data-start=\"674\" data-end=\"703\">gestion de contenus vid\u00e9o<\/strong>.<\/p><p data-start=\"706\" data-end=\"939\">\u00c0 travers les solutions pr\u00e9sent\u00e9es sur son site internet, ASTYDEME intervient sur des projets n\u00e9cessitant des dispositifs de captation et de retransmission vid\u00e9o, notamment \u00e0 destination des collectivit\u00e9s et des structures publiques.<\/p>\t\t\t\t\t\t\t\t<\/div>\n\t\t\t\t<\/div>\n\t\t\t\t<div class=\"elementor-element elementor-element-80881b5 elementor-widget elementor-widget-text-editor\" data-id=\"80881b5\" data-element_type=\"widget\" data-e-type=\"widget\" data-widget_type=\"text-editor.default\">\n\t\t\t\t<div class=\"elementor-widget-container\">\n\t\t\t\t\t\t\t\t\t<p data-start=\"809\" data-end=\"1187\"><strong><span style=\"text-decoration: underline;\">Domaine d\u2019activit\u00e9<br \/><\/span><\/strong><\/p><p>L\u2019activit\u00e9 d\u2019ASTYDEME s\u2019inscrit dans le champ de l\u2019ing\u00e9nierie technique.<br \/>La soci\u00e9t\u00e9 con\u00e7oit des solutions permettant la captation, la diffusion et l\u2019exploitation de contenus vid\u00e9o dans des environnements institutionnels.<br \/>Les dispositifs pr\u00e9sent\u00e9s sont destin\u00e9s \u00e0 r\u00e9pondre \u00e0 des usages tels que :<\/p><ul><li>la captation audio ou audio\/vid\u00e9o de s\u00e9ances et r\u00e9unions,<\/li><li>la transcription automatique des enregistrements r\u00e9alis\u00e9s<\/li><li>la diffusion en direct et en diff\u00e9r\u00e9,<\/li><li>la mise \u00e0 disposition de contenus vid\u00e9o,<\/li><li>l\u2019utilisation d\u2019\u00e9quipements adapt\u00e9s aux besoins des utilisateurs.<\/li><\/ul>\t\t\t\t\t\t\t\t<\/div>\n\t\t\t\t<\/div>\n\t\t\t\t<div class=\"elementor-element elementor-element-9e492c2 elementor-widget elementor-widget-text-editor\" data-id=\"9e492c2\" data-element_type=\"widget\" data-e-type=\"widget\" data-widget_type=\"text-editor.default\">\n\t\t\t\t<div class=\"elementor-widget-container\">\n\t\t\t\t\t\t\t\t\t<p data-start=\"809\" data-end=\"1187\"><strong><span style=\"text-decoration: underline;\">Solutions propos\u00e9es<\/span><\/strong><\/p><p data-start=\"425\" data-end=\"704\">ASTYDEME propose des solutions couvrant l\u2019ensemble du processus de mise en place de dispositifs vid\u00e9o.<br \/>Les interventions portent notamment sur :<\/p><ul><li data-end=\"704\" data-start=\"425\">l\u2019installation de syst\u00e8mes de captation audio ou audio\/vid\u00e9o,<\/li><li data-end=\"704\" data-start=\"425\">la mise en \u0153uvre de solutions de diffusion en direct,<\/li><li data-end=\"704\" data-start=\"425\">la gestion et l\u2019acc\u00e8s aux contenus vid\u00e9o,<\/li><li data-end=\"704\" data-start=\"425\">l\u2019accompagnement dans l\u2019utilisation des \u00e9quipements install\u00e9s.<\/li><\/ul><p>Les solutions pr\u00e9sent\u00e9es sur le site astydeme.fr sont con\u00e7ues pour s\u2019int\u00e9grer dans les environnements techniques existants et r\u00e9pondre aux besoins exprim\u00e9s par les structures utilisatrices.<\/p>\t\t\t\t\t\t\t\t<\/div>\n\t\t\t\t<\/div>\n\t\t\t\t<div class=\"elementor-element elementor-element-bcc2492 elementor-widget elementor-widget-text-editor\" data-id=\"bcc2492\" data-element_type=\"widget\" data-e-type=\"widget\" data-widget_type=\"text-editor.default\">\n\t\t\t\t<div class=\"elementor-widget-container\">\n\t\t\t\t\t\t\t\t\t<p data-start=\"809\" data-end=\"1187\"><strong><span style=\"text-decoration: underline;\">Collectivit\u00e9s et usages<\/span><\/strong><\/p><p data-start=\"425\" data-end=\"704\">Avec son offre Quonseledise, Astydeme propose des solutions de captation audio ou audio\/vid\u00e9o, de transcription automatique destin\u00e9es aux collectivit\u00e9s locales et aux structures publiques.<br \/>Ces solutions permettent la retransmission et la mise \u00e0 disposition de s\u00e9ances, r\u00e9unions et instances publiques, afin d\u2019en faciliter l\u2019acc\u00e8s et la consultation. Elles sont con\u00e7ues pour s\u2019adapter aux contraintes des collectivit\u00e9s, avec des dispositifs pens\u00e9s pour une utilisation simple et s\u00e9curis\u00e9e.<\/p><p data-start=\"425\" data-end=\"704\">Les syst\u00e8mes pr\u00e9sent\u00e9s r\u00e9pondent aux besoins de communes et d\u2019intercommunalit\u00e9s souhaitant diffuser leurs travaux et r\u00e9unions publiques \u00e0 l\u2019aide de solutions techniques adapt\u00e9es \u00e0 leur environnement.<\/p><p data-start=\"425\" data-end=\"704\">D\u00e9couvrez ci-dessous quelques collectivit\u00e9s ayant recours aux solutions propos\u00e9es.<\/p>\t\t\t\t\t\t\t\t<\/div>\n\t\t\t\t<\/div>\n\t\t\t\t<div class=\"elementor-element elementor-element-4251b45 elementor-align-center elementor-widget elementor-widget-button\" data-id=\"4251b45\" data-element_type=\"widget\" data-e-type=\"widget\" data-widget_type=\"button.default\">\n\t\t\t\t<div class=\"elementor-widget-container\">\n\t\t\t\t\t\t\t\t\t<div class=\"elementor-button-wrapper\">\n\t\t\t\t\t<a class=\"elementor-button elementor-button-link elementor-size-xs\" href=\"https:\/\/astydeme.fr\/sitenew\/index.php\/references-astydeme\/\">\n\t\t\t\t\t\t<span class=\"elementor-button-content-wrapper\">\n\t\t\t\t\t\t\t\t\t<span class=\"elementor-button-text\">Nos r\u00e9f\u00e9rences<\/span>\n\t\t\t\t\t<\/span>\n\t\t\t\t\t<\/a>\n\t\t\t\t<\/div>\n\t\t\t\t\t\t\t\t<\/div>\n\t\t\t\t<\/div>\n\t\t\t\t<div class=\"elementor-element elementor-element-44595b1 elementor-widget elementor-widget-text-editor\" data-id=\"44595b1\" data-element_type=\"widget\" data-e-type=\"widget\" data-widget_type=\"text-editor.default\">\n\t\t\t\t<div class=\"elementor-widget-container\">\n\t\t\t\t\t\t\t\t\t<p data-start=\"809\" data-end=\"1187\"><strong><span style=\"text-decoration: underline;\">Approche et accompagnement<\/span><\/strong><\/p><p data-start=\"425\" data-end=\"704\">ASTYDEME accompagne les projets depuis la mise en place des solutions techniques jusqu\u2019\u00e0 leur exploitation.<br \/>L\u2019objectif est de proposer des dispositifs fonctionnels, adapt\u00e9s aux usages attendus et aux contraintes techniques rencontr\u00e9es.<\/p><p data-start=\"425\" data-end=\"704\">Les solutions pr\u00e9sent\u00e9es sur le site s\u2019inscrivent dans une logique de continuit\u00e9 d\u2019usage et de fiabilit\u00e9, en tenant compte des besoins des utilisateurs.<\/p>\t\t\t\t\t\t\t\t<\/div>\n\t\t\t\t<\/div>\n\t\t\t\t<div class=\"elementor-element elementor-element-7107989 elementor-widget elementor-widget-image\" data-id=\"7107989\" data-element_type=\"widget\" data-e-type=\"widget\" data-widget_type=\"image.default\">\n\t\t\t\t<div class=\"elementor-widget-container\">\n\t\t\t\t\t\t\t\t\t\t\t\t\t\t\t<img decoding=\"async\" width=\"300\" height=\"150\" src=\"http:\/\/astydeme.fr\/sitenew\/wp-content\/uploads\/2023\/02\/LOGO-ASTYDEME-RVB-145x73.jpg\" class=\"attachment-medium size-medium wp-image-5\" alt=\"Logo de la soci\u00e9t\u00e9 Astydeme - Bleu et gris\" srcset=\"http:\/\/astydeme.fr\/sitenew\/wp-content\/uploads\/2023\/02\/LOGO-ASTYDEME-RVB-300x150.jpg 300w, http:\/\/astydeme.fr\/sitenew\/wp-content\/uploads\/2023\/02\/LOGO-ASTYDEME-RVB-1024x512.jpg 1024w, http:\/\/astydeme.fr\/sitenew\/wp-content\/uploads\/2023\/02\/LOGO-ASTYDEME-RVB-768x384.jpg 768w, http:\/\/astydeme.fr\/sitenew\/wp-content\/uploads\/2023\/02\/LOGO-ASTYDEME-RVB-145x73.jpg 145w, http:\/\/astydeme.fr\/sitenew\/wp-content\/uploads\/2023\/02\/LOGO-ASTYDEME-RVB.jpg 1299w\" sizes=\"(max-width: 300px) 100vw, 300px\" \/>\t\t\t\t\t\t\t\t\t\t\t\t\t\t\t<\/div>\n\t\t\t\t<\/div>\n\t\t\t\t\t<\/div>\n\t\t<\/div>\n\t\t\t\t\t<\/div>\n\t\t<\/section>\n\t\t\t\t<\/div>\n\t\t","protected":false},"excerpt":{"rendered":"<p>ASTYDEME, soci\u00e9t\u00e9 d\u2019ing\u00e9nierie et de solutions de captation vid\u00e9o Pr\u00e9sentation g\u00e9n\u00e9rale ASTYDEME est une soci\u00e9t\u00e9 fran\u00e7aise cr\u00e9\u00e9e en 2014, exer\u00e7ant une activit\u00e9 d\u2019ing\u00e9nierie et d\u2019\u00e9tudes techniques.Elle d\u00e9veloppe et met en \u0153uvre des solutions techniques dans le domaine de la captation vid\u00e9o, de la diffusion en directet de la gestion de contenus vid\u00e9o. \u00c0 travers les &hellip;<\/p>\n<p class=\"read-more\"> <a class=\"\" href=\"https:\/\/astydeme.fr\/sitenew\/index.php\/societe-astydeme\/\"> <span class=\"screen-reader-text\">Soci\u00e9t\u00e9<\/span> Lire la suite\u00a0\u00bb<\/a><\/p>\n","protected":false},"author":2,"featured_media":0,"parent":0,"menu_order":0,"comment_status":"closed","ping_status":"closed","template":"","meta":{"_uag_custom_page_level_css":"","site-sidebar-layout":"no-sidebar","site-content-layout":"page-builder","ast-global-header-display":"","ast-main-header-display":"","ast-hfb-above-header-display":"","ast-hfb-below-header-display":"","ast-hfb-mobile-header-display":"","site-post-title":"disabled","ast-breadcrumbs-content":"","ast-featured-img":"disabled","footer-sml-layout":"","theme-transparent-header-meta":"","adv-header-id-meta":"","stick-header-meta":"","header-above-stick-meta":"","header-main-stick-meta":"","header-below-stick-meta":"","footnotes":""},"class_list":["post-909","page","type-page","status-publish","hentry"],"uagb_featured_image_src":{"full":false,"thumbnail":false,"medium":false,"medium_large":false,"large":false,"1536x1536":false,"2048x2048":false},"uagb_author_info":{"display_name":"Junette","author_link":"https:\/\/astydeme.fr\/sitenew\/author\/junette\/"},"uagb_comment_info":0,"uagb_excerpt":"ASTYDEME, soci\u00e9t\u00e9 d\u2019ing\u00e9nierie et de solutions de captation vid\u00e9o Pr\u00e9sentation g\u00e9n\u00e9rale ASTYDEME est une soci\u00e9t\u00e9 fran\u00e7aise cr\u00e9\u00e9e en 2014, exer\u00e7ant une activit\u00e9 d\u2019ing\u00e9nierie et d\u2019\u00e9tudes techniques.Elle d\u00e9veloppe et met en \u0153uvre des solutions techniques dans le domaine de la captation vid\u00e9o, de la diffusion en directet de la gestion de contenus vid\u00e9o. \u00c0 travers les\u2026","_links":{"self":[{"href":"https:\/\/astydeme.fr\/sitenew\/index.php\/wp-json\/wp\/v2\/pages\/909","targetHints":{"allow":["GET"]}}],"collection":[{"href":"https:\/\/astydeme.fr\/sitenew\/index.php\/wp-json\/wp\/v2\/pages"}],"about":[{"href":"https:\/\/astydeme.fr\/sitenew\/index.php\/wp-json\/wp\/v2\/types\/page"}],"author":[{"embeddable":true,"href":"https:\/\/astydeme.fr\/sitenew\/index.php\/wp-json\/wp\/v2\/users\/2"}],"replies":[{"embeddable":true,"href":"https:\/\/astydeme.fr\/sitenew\/index.php\/wp-json\/wp\/v2\/comments?post=909"}],"version-history":[{"count":17,"href":"https:\/\/astydeme.fr\/sitenew\/index.php\/wp-json\/wp\/v2\/pages\/909\/revisions"}],"predecessor-version":[{"id":2032,"href":"https:\/\/astydeme.fr\/sitenew\/index.php\/wp-json\/wp\/v2\/pages\/909\/revisions\/2032"}],"wp:attachment":[{"href":"https:\/\/astydeme.fr\/sitenew\/index.php\/wp-json\/wp\/v2\/media?parent=909"}],"curies":[{"name":"wp","href":"https:\/\/api.w.org\/{rel}","templated":true}]}}